{"id":3672,"date":"2023-11-18T10:46:47","date_gmt":"2023-11-18T09:46:47","guid":{"rendered":"http:\/\/stampcurio.com\/?post_type=product&#038;p=3672"},"modified":"2025-12-05T04:12:48","modified_gmt":"2025-12-05T03:12:48","slug":"1850-3kr-i-tipus-nagy-11-mm-ivszellel-teljes-levelen-czecze-belyegzessel-fejer-vm-ferchenbauer-400-eur","status":"publish","type":"product","link":"https:\/\/stampcurio.com\/hu\/termek\/1850-3kr-i-tipus-nagy-11-mm-ivszellel-teljes-levelen-czecze-belyegzessel-fejer-vm-ferchenbauer-400-eur\/","title":{"rendered":"1850 3kr I. tipus nagy (11 mm) \u00edvsz\u00e9llel teljes lev\u00e9len CZECZE b\u00e9lyegz\u00e9ssel \/ Fej\u00e9r vm. &#8211; Ferchenbauer 400 EUR"},"content":{"rendered":"","protected":false},"excerpt":{"rendered":"<p>Sz\u00e9kesfeh\u00e9rv\u00e1rra k\u00fcld\u00f6tt els\u0151 z\u00f3n\u00e1s tarifahelyes lev\u00e9l.<br \/>\nGudlin: 100 pont<\/p>\n","protected":false},"featured_media":11335,"template":"","meta":[],"product_brand":[],"product_cat":[60,73],"product_tag":[1044,116,67,89],"class_list":{"0":"post-3672","1":"product","2":"type-product","3":"status-publish","4":"has-post-thumbnail","6":"product_cat-ausztria-1st","7":"product_cat-magyarorszag-1st","8":"product_tag-1st-auction-hu","9":"product_tag-belyeg","10":"product_tag-marcofilatelia","11":"product_tag-postatortenet","12":"pa_catalog_id-443","14":"first","15":"outofstock","16":"sold-individually","17":"shipping-taxable","18":"product-type-simple"},"_links":{"self":[{"href":"https:\/\/stampcurio.com\/hu\/wp-json\/wp\/v2\/product\/3672","targetHints":{"allow":["GET"]}}],"collection":[{"href":"https:\/\/stampcurio.com\/hu\/wp-json\/wp\/v2\/product"}],"about":[{"href":"https:\/\/stampcurio.com\/hu\/wp-json\/wp\/v2\/types\/product"}],"wp:featuredmedia":[{"embeddable":true,"href":"https:\/\/stampcurio.com\/hu\/wp-json\/wp\/v2\/media\/11335"}],"wp:attachment":[{"href":"https:\/\/stampcurio.com\/hu\/wp-json\/wp\/v2\/media?parent=3672"}],"wp:term":[{"taxonomy":"product_brand","embeddable":true,"href":"https:\/\/stampcurio.com\/hu\/wp-json\/wp\/v2\/product_brand?post=3672"},{"taxonomy":"product_cat","embeddable":true,"href":"https:\/\/stampcurio.com\/hu\/wp-json\/wp\/v2\/product_cat?post=3672"},{"taxonomy":"product_tag","embeddable":true,"href":"https:\/\/stampcurio.com\/hu\/wp-json\/wp\/v2\/product_tag?post=3672"}],"curies":[{"name":"wp","href":"https:\/\/api.w.org\/{rel}","templated":true}]}}