{"id":3664,"date":"2023-11-18T10:36:22","date_gmt":"2023-11-18T09:36:22","guid":{"rendered":"http:\/\/stampcurio.com\/?post_type=product&#038;p=3664"},"modified":"2025-12-05T04:12:49","modified_gmt":"2025-12-05T03:12:49","slug":"1862-magyarorszag-debreceni-fegyvertartasi-engedely-72kr-okmanybelyeggel","status":"publish","type":"product","link":"https:\/\/stampcurio.com\/hu\/termek\/1862-magyarorszag-debreceni-fegyvertartasi-engedely-72kr-okmanybelyeggel\/","title":{"rendered":"1862 Magyarorsz\u00e1g &#8211; debreceni fegyvertart\u00e1si enged\u00e9ly 72kr okm\u00e1nyb\u00e9lyeggel"},"content":{"rendered":"","protected":false},"excerpt":{"rendered":"","protected":false},"featured_media":11332,"template":"","meta":[],"product_brand":[],"product_cat":[60,73],"product_tag":[1044,282],"class_list":{"0":"post-3664","1":"product","2":"type-product","3":"status-publish","4":"has-post-thumbnail","6":"product_cat-ausztria-1st","7":"product_cat-magyarorszag-1st","8":"product_tag-1st-auction-hu","9":"product_tag-okmanybelyeg","10":"pa_catalog_id-442","12":"first","13":"outofstock","14":"sold-individually","15":"shipping-taxable","16":"product-type-simple"},"_links":{"self":[{"href":"https:\/\/stampcurio.com\/hu\/wp-json\/wp\/v2\/product\/3664","targetHints":{"allow":["GET"]}}],"collection":[{"href":"https:\/\/stampcurio.com\/hu\/wp-json\/wp\/v2\/product"}],"about":[{"href":"https:\/\/stampcurio.com\/hu\/wp-json\/wp\/v2\/types\/product"}],"wp:featuredmedia":[{"embeddable":true,"href":"https:\/\/stampcurio.com\/hu\/wp-json\/wp\/v2\/media\/11332"}],"wp:attachment":[{"href":"https:\/\/stampcurio.com\/hu\/wp-json\/wp\/v2\/media?parent=3664"}],"wp:term":[{"taxonomy":"product_brand","embeddable":true,"href":"https:\/\/stampcurio.com\/hu\/wp-json\/wp\/v2\/product_brand?post=3664"},{"taxonomy":"product_cat","embeddable":true,"href":"https:\/\/stampcurio.com\/hu\/wp-json\/wp\/v2\/product_cat?post=3664"},{"taxonomy":"product_tag","embeddable":true,"href":"https:\/\/stampcurio.com\/hu\/wp-json\/wp\/v2\/product_tag?post=3664"}],"curies":[{"name":"wp","href":"https:\/\/api.w.org\/{rel}","templated":true}]}}