{"id":3662,"date":"2023-11-18T10:30:34","date_gmt":"2023-11-18T09:30:34","guid":{"rendered":"http:\/\/stampcurio.com\/?post_type=product&#038;p=3662"},"modified":"2025-12-05T04:12:49","modified_gmt":"2025-12-05T03:12:49","slug":"1798-burgenland-kimutatas-pahrendorf-pandorfalu-postai-forgalmarol-ritkan-lathato-postatorteneti-dokumentum","status":"publish","type":"product","link":"https:\/\/stampcurio.com\/hu\/termek\/1798-burgenland-kimutatas-pahrendorf-pandorfalu-postai-forgalmarol-ritkan-lathato-postatorteneti-dokumentum\/","title":{"rendered":"1798 Burgenland \/ kimutat\u00e1s Pahrendorf (P\u00e1ndorfalu) postai forgalm\u00e1r\u00f3l &#8211; ritk\u00e1n l\u00e1that\u00f3 postat\u00f6rt\u00e9neti dokumentum"},"content":{"rendered":"","protected":false},"excerpt":{"rendered":"","protected":false},"featured_media":3393,"template":"","meta":[],"product_brand":[],"product_cat":[60,73],"product_tag":[1044,89],"class_list":{"0":"post-3662","1":"product","2":"type-product","3":"status-publish","4":"has-post-thumbnail","6":"product_cat-ausztria-1st","7":"product_cat-magyarorszag-1st","8":"product_tag-1st-auction-hu","9":"product_tag-postatortenet","10":"pa_catalog_id-442","12":"first","13":"outofstock","14":"sold-individually","15":"shipping-taxable","16":"product-type-simple"},"_links":{"self":[{"href":"https:\/\/stampcurio.com\/hu\/wp-json\/wp\/v2\/product\/3662","targetHints":{"allow":["GET"]}}],"collection":[{"href":"https:\/\/stampcurio.com\/hu\/wp-json\/wp\/v2\/product"}],"about":[{"href":"https:\/\/stampcurio.com\/hu\/wp-json\/wp\/v2\/types\/product"}],"wp:featuredmedia":[{"embeddable":true,"href":"https:\/\/stampcurio.com\/hu\/wp-json\/wp\/v2\/media\/3393"}],"wp:attachment":[{"href":"https:\/\/stampcurio.com\/hu\/wp-json\/wp\/v2\/media?parent=3662"}],"wp:term":[{"taxonomy":"product_brand","embeddable":true,"href":"https:\/\/stampcurio.com\/hu\/wp-json\/wp\/v2\/product_brand?post=3662"},{"taxonomy":"product_cat","embeddable":true,"href":"https:\/\/stampcurio.com\/hu\/wp-json\/wp\/v2\/product_cat?post=3662"},{"taxonomy":"product_tag","embeddable":true,"href":"https:\/\/stampcurio.com\/hu\/wp-json\/wp\/v2\/product_tag?post=3662"}],"curies":[{"name":"wp","href":"https:\/\/api.w.org\/{rel}","templated":true}]}}