{"id":36587,"date":"2025-12-04T22:50:11","date_gmt":"2025-12-04T21:50:11","guid":{"rendered":"https:\/\/stampcurio.com\/product\/sc-25-2695\/"},"modified":"2026-01-05T15:02:31","modified_gmt":"2026-01-05T14:02:31","slug":"1858-ausztria-szep-magyarorszagi-belyegzesek-b-csaba-szegedin-ung-altenburg-guns-nyiregyhaza-fegyvernek-duna-vecse","status":"publish","type":"product","link":"https:\/\/stampcurio.com\/hu\/termek\/1858-ausztria-szep-magyarorszagi-belyegzesek-b-csaba-szegedin-ung-altenburg-guns-nyiregyhaza-fegyvernek-duna-vecse\/","title":{"rendered":"1858 Ausztria \u2013 sz\u00e9p magyarorsz\u00e1gi b\u00e9lyegz\u00e9sek B.CSABA, SZEGEDIN, UNG.ALTENBURG, G\u00dcNS, NYIREGYH\u00c1ZA, FEGYVERNEK, DUNA VECSE"},"content":{"rendered":"","protected":false},"excerpt":{"rendered":"","protected":false},"featured_media":36585,"template":"","meta":[],"product_brand":[],"product_cat":[1178,1172],"product_tag":[1669,116,1041,1006],"class_list":{"0":"post-36587","1":"product","2":"type-product","3":"status-publish","4":"has-post-thumbnail","6":"product_cat-ausztria","7":"product_cat-magyarorszag","8":"product_tag-3rd-auction","9":"product_tag-belyeg","10":"product_tag-marcophily-hu","11":"product_tag-unsold","13":"first","14":"instock","15":"sold-individually","16":"shipping-taxable","17":"purchasable","18":"product-type-simple"},"_links":{"self":[{"href":"https:\/\/stampcurio.com\/hu\/wp-json\/wp\/v2\/product\/36587","targetHints":{"allow":["GET"]}}],"collection":[{"href":"https:\/\/stampcurio.com\/hu\/wp-json\/wp\/v2\/product"}],"about":[{"href":"https:\/\/stampcurio.com\/hu\/wp-json\/wp\/v2\/types\/product"}],"wp:featuredmedia":[{"embeddable":true,"href":"https:\/\/stampcurio.com\/hu\/wp-json\/wp\/v2\/media\/36585"}],"wp:attachment":[{"href":"https:\/\/stampcurio.com\/hu\/wp-json\/wp\/v2\/media?parent=36587"}],"wp:term":[{"taxonomy":"product_brand","embeddable":true,"href":"https:\/\/stampcurio.com\/hu\/wp-json\/wp\/v2\/product_brand?post=36587"},{"taxonomy":"product_cat","embeddable":true,"href":"https:\/\/stampcurio.com\/hu\/wp-json\/wp\/v2\/product_cat?post=36587"},{"taxonomy":"product_tag","embeddable":true,"href":"https:\/\/stampcurio.com\/hu\/wp-json\/wp\/v2\/product_tag?post=36587"}],"curies":[{"name":"wp","href":"https:\/\/api.w.org\/{rel}","templated":true}]}}