{"id":36576,"date":"2025-12-04T22:49:32","date_gmt":"2025-12-04T21:49:32","guid":{"rendered":"https:\/\/stampcurio.com\/product\/sc-25-2693\/"},"modified":"2025-12-05T04:00:19","modified_gmt":"2025-12-05T03:00:19","slug":"1850-ausztria-szep-magyarorszagi-belyegzesek-mohacs-szirak-alba-miskolcz-raab-siklos","status":"publish","type":"product","link":"https:\/\/stampcurio.com\/hu\/termek\/1850-ausztria-szep-magyarorszagi-belyegzesek-mohacs-szirak-alba-miskolcz-raab-siklos\/","title":{"rendered":"1850 Ausztria \u2013 sz\u00e9p magyarorsz\u00e1gi b\u00e9lyegz\u00e9sek &#8211; MOH\u00c1CS, SZIR\u00c1K, ALBA, MISKOLCZ, RAAB, SIKL\u00d3S"},"content":{"rendered":"","protected":false},"excerpt":{"rendered":"","protected":false},"featured_media":36574,"template":"","meta":[],"product_brand":[],"product_cat":[1178,1172],"product_tag":[1669,116,1041],"class_list":{"0":"post-36576","1":"product","2":"type-product","3":"status-publish","4":"has-post-thumbnail","6":"product_cat-ausztria","7":"product_cat-magyarorszag","8":"product_tag-3rd-auction","9":"product_tag-belyeg","10":"product_tag-marcophily-hu","12":"first","13":"outofstock","14":"sold-individually","15":"shipping-taxable","16":"purchasable","17":"product-type-simple"},"_links":{"self":[{"href":"https:\/\/stampcurio.com\/hu\/wp-json\/wp\/v2\/product\/36576","targetHints":{"allow":["GET"]}}],"collection":[{"href":"https:\/\/stampcurio.com\/hu\/wp-json\/wp\/v2\/product"}],"about":[{"href":"https:\/\/stampcurio.com\/hu\/wp-json\/wp\/v2\/types\/product"}],"wp:featuredmedia":[{"embeddable":true,"href":"https:\/\/stampcurio.com\/hu\/wp-json\/wp\/v2\/media\/36574"}],"wp:attachment":[{"href":"https:\/\/stampcurio.com\/hu\/wp-json\/wp\/v2\/media?parent=36576"}],"wp:term":[{"taxonomy":"product_brand","embeddable":true,"href":"https:\/\/stampcurio.com\/hu\/wp-json\/wp\/v2\/product_brand?post=36576"},{"taxonomy":"product_cat","embeddable":true,"href":"https:\/\/stampcurio.com\/hu\/wp-json\/wp\/v2\/product_cat?post=36576"},{"taxonomy":"product_tag","embeddable":true,"href":"https:\/\/stampcurio.com\/hu\/wp-json\/wp\/v2\/product_tag?post=36576"}],"curies":[{"name":"wp","href":"https:\/\/api.w.org\/{rel}","templated":true}]}}