{"id":36555,"date":"2025-12-04T22:48:19","date_gmt":"2025-12-04T21:48:19","guid":{"rendered":"https:\/\/stampcurio.com\/product\/sc-25-2689\/"},"modified":"2025-12-31T20:22:58","modified_gmt":"2025-12-31T19:22:58","slug":"1896-seychelles-dijjegyes-boritek-ajanlott-kuldemenykent-nemetorszagba-kuldve-reunionon-keresztul","status":"publish","type":"product","link":"https:\/\/stampcurio.com\/hu\/termek\/1896-seychelles-dijjegyes-boritek-ajanlott-kuldemenykent-nemetorszagba-kuldve-reunionon-keresztul\/","title":{"rendered":"1896 Seychelles &#8211; d\u00edjjegyes bor\u00edt\u00e9k aj\u00e1nlott k\u00fcldem\u00e9nyk\u00e9nt N\u00e9metorsz\u00e1gba k\u00fcldve Reunionon kereszt\u00fcl"},"content":{"rendered":"","protected":false},"excerpt":{"rendered":"","protected":false},"featured_media":36553,"template":"","meta":[],"product_brand":[],"product_cat":[1186,1175,1180,1254],"product_tag":[1669,74,89],"class_list":{"0":"post-36555","1":"product","2":"type-product","3":"status-publish","4":"has-post-thumbnail","6":"product_cat-brit-birodalom","7":"product_cat-nemetorszag","8":"product_cat-reunion","9":"product_cat-seychelle-szigetek","10":"product_tag-3rd-auction","11":"product_tag-dijjegyes","12":"product_tag-postatortenet","14":"first","15":"outofstock","16":"sold-individually","17":"shipping-taxable","18":"purchasable","19":"product-type-simple"},"_links":{"self":[{"href":"https:\/\/stampcurio.com\/hu\/wp-json\/wp\/v2\/product\/36555","targetHints":{"allow":["GET"]}}],"collection":[{"href":"https:\/\/stampcurio.com\/hu\/wp-json\/wp\/v2\/product"}],"about":[{"href":"https:\/\/stampcurio.com\/hu\/wp-json\/wp\/v2\/types\/product"}],"wp:featuredmedia":[{"embeddable":true,"href":"https:\/\/stampcurio.com\/hu\/wp-json\/wp\/v2\/media\/36553"}],"wp:attachment":[{"href":"https:\/\/stampcurio.com\/hu\/wp-json\/wp\/v2\/media?parent=36555"}],"wp:term":[{"taxonomy":"product_brand","embeddable":true,"href":"https:\/\/stampcurio.com\/hu\/wp-json\/wp\/v2\/product_brand?post=36555"},{"taxonomy":"product_cat","embeddable":true,"href":"https:\/\/stampcurio.com\/hu\/wp-json\/wp\/v2\/product_cat?post=36555"},{"taxonomy":"product_tag","embeddable":true,"href":"https:\/\/stampcurio.com\/hu\/wp-json\/wp\/v2\/product_tag?post=36555"}],"curies":[{"name":"wp","href":"https:\/\/api.w.org\/{rel}","templated":true}]}}