{"id":36513,"date":"2025-12-04T22:27:33","date_gmt":"2025-12-04T21:27:33","guid":{"rendered":"https:\/\/stampcurio.com\/product\/sc-25-2686\/"},"modified":"2026-01-05T15:02:32","modified_gmt":"2026-01-05T14:02:32","slug":"1939-magyarorszag-pax-ting-6-filleres-ivszeli-vagott-negyestomb-nyomdai-megsemmisito-lyukasztassal","status":"publish","type":"product","link":"https:\/\/stampcurio.com\/hu\/termek\/1939-magyarorszag-pax-ting-6-filleres-ivszeli-vagott-negyestomb-nyomdai-megsemmisito-lyukasztassal\/","title":{"rendered":"1939 Magyarorsz\u00e1g &#8211; PAX-TING 6 fill\u00e9res \u00edvsz\u00e9li v\u00e1gott n\u00e9gyest\u00f6mb &#8211; nyomdai megsemmis\u00edt\u0151 lyukaszt\u00e1ssal"},"content":{"rendered":"","protected":false},"excerpt":{"rendered":"","protected":false},"featured_media":36511,"template":"","meta":[],"product_brand":[],"product_cat":[1172],"product_tag":[1669,116,230,390,217,1006],"class_list":{"0":"post-36513","1":"product","2":"type-product","3":"status-publish","4":"has-post-thumbnail","6":"product_cat-magyarorszag","7":"product_tag-3rd-auction","8":"product_tag-belyeg","9":"product_tag-perfin","10":"product_tag-probanyomat","11":"product_tag-tevnyomat","12":"product_tag-unsold","14":"first","15":"instock","16":"sold-individually","17":"shipping-taxable","18":"purchasable","19":"product-type-simple"},"_links":{"self":[{"href":"https:\/\/stampcurio.com\/hu\/wp-json\/wp\/v2\/product\/36513","targetHints":{"allow":["GET"]}}],"collection":[{"href":"https:\/\/stampcurio.com\/hu\/wp-json\/wp\/v2\/product"}],"about":[{"href":"https:\/\/stampcurio.com\/hu\/wp-json\/wp\/v2\/types\/product"}],"wp:featuredmedia":[{"embeddable":true,"href":"https:\/\/stampcurio.com\/hu\/wp-json\/wp\/v2\/media\/36511"}],"wp:attachment":[{"href":"https:\/\/stampcurio.com\/hu\/wp-json\/wp\/v2\/media?parent=36513"}],"wp:term":[{"taxonomy":"product_brand","embeddable":true,"href":"https:\/\/stampcurio.com\/hu\/wp-json\/wp\/v2\/product_brand?post=36513"},{"taxonomy":"product_cat","embeddable":true,"href":"https:\/\/stampcurio.com\/hu\/wp-json\/wp\/v2\/product_cat?post=36513"},{"taxonomy":"product_tag","embeddable":true,"href":"https:\/\/stampcurio.com\/hu\/wp-json\/wp\/v2\/product_tag?post=36513"}],"curies":[{"name":"wp","href":"https:\/\/api.w.org\/{rel}","templated":true}]}}