{"id":36502,"date":"2025-12-04T22:26:50","date_gmt":"2025-12-04T21:26:50","guid":{"rendered":"https:\/\/stampcurio.com\/product\/sc-25-2683\/"},"modified":"2025-12-05T04:00:21","modified_gmt":"2025-12-05T03:00:21","slug":"1951-eszak-korea-6th-anniversary-of-koreas-liberation-2-won-vagott-ivsarki-belyeg-hatalmas-ivszellel-postatiszta-ksc-72-usd","status":"publish","type":"product","link":"https:\/\/stampcurio.com\/hu\/termek\/1951-eszak-korea-6th-anniversary-of-koreas-liberation-2-won-vagott-ivsarki-belyeg-hatalmas-ivszellel-postatiszta-ksc-72-usd\/","title":{"rendered":"1951 \u00c9szak-Korea &#8211; &#8220;6th Anniversary of Korea\u2019s Liberation&#8221; 2 won v\u00e1gott \u00edvsarki b\u00e9lyeg hatalmas \u00edvsz\u00e9llel, postatiszta (*) &#8211; KSC 72 USD"},"content":{"rendered":"","protected":false},"excerpt":{"rendered":"<p>Nem \u00fajnyomat.<\/p>\n","protected":false},"featured_media":36500,"template":"","meta":[],"product_brand":[],"product_cat":[1225],"product_tag":[1669,116,217],"class_list":{"0":"post-36502","1":"product","2":"type-product","3":"status-publish","4":"has-post-thumbnail","6":"product_cat-eszak-korea","7":"product_tag-3rd-auction","8":"product_tag-belyeg","9":"product_tag-tevnyomat","11":"first","12":"outofstock","13":"sold-individually","14":"shipping-taxable","15":"purchasable","16":"product-type-simple"},"_links":{"self":[{"href":"https:\/\/stampcurio.com\/hu\/wp-json\/wp\/v2\/product\/36502","targetHints":{"allow":["GET"]}}],"collection":[{"href":"https:\/\/stampcurio.com\/hu\/wp-json\/wp\/v2\/product"}],"about":[{"href":"https:\/\/stampcurio.com\/hu\/wp-json\/wp\/v2\/types\/product"}],"wp:featuredmedia":[{"embeddable":true,"href":"https:\/\/stampcurio.com\/hu\/wp-json\/wp\/v2\/media\/36500"}],"wp:attachment":[{"href":"https:\/\/stampcurio.com\/hu\/wp-json\/wp\/v2\/media?parent=36502"}],"wp:term":[{"taxonomy":"product_brand","embeddable":true,"href":"https:\/\/stampcurio.com\/hu\/wp-json\/wp\/v2\/product_brand?post=36502"},{"taxonomy":"product_cat","embeddable":true,"href":"https:\/\/stampcurio.com\/hu\/wp-json\/wp\/v2\/product_cat?post=36502"},{"taxonomy":"product_tag","embeddable":true,"href":"https:\/\/stampcurio.com\/hu\/wp-json\/wp\/v2\/product_tag?post=36502"}],"curies":[{"name":"wp","href":"https:\/\/api.w.org\/{rel}","templated":true}]}}