{"id":36492,"date":"2025-12-04T22:26:09","date_gmt":"2025-12-04T21:26:09","guid":{"rendered":"https:\/\/stampcurio.com\/product\/sc-25-2681\/"},"modified":"2025-12-05T04:00:22","modified_gmt":"2025-12-05T03:00:22","slug":"1867-magyarorszag-levante-konzulatusi-posta-romaniaban-bukarestbol-becsbe-kuldott-szep-minosegu-level","status":"publish","type":"product","link":"https:\/\/stampcurio.com\/hu\/termek\/1867-magyarorszag-levante-konzulatusi-posta-romaniaban-bukarestbol-becsbe-kuldott-szep-minosegu-level\/","title":{"rendered":"1867 Magyarorsz\u00e1g &#8211; Levante &#8211; Konzul\u00e1tusi posta Rom\u00e1ni\u00e1ban &#8211; Bukarestb\u0151l B\u00e9csbe k\u00fcld\u00f6tt sz\u00e9p min\u0151s\u00e9g\u0171 lev\u00e9l"},"content":{"rendered":"","protected":false},"excerpt":{"rendered":"","protected":false},"featured_media":36490,"template":"","meta":[],"product_brand":[],"product_cat":[1178,1172,1208],"product_tag":[1669,116,1041,89],"class_list":{"0":"post-36492","1":"product","2":"type-product","3":"status-publish","4":"has-post-thumbnail","6":"product_cat-ausztria","7":"product_cat-magyarorszag","8":"product_cat-romania","9":"product_tag-3rd-auction","10":"product_tag-belyeg","11":"product_tag-marcophily-hu","12":"product_tag-postatortenet","14":"first","15":"outofstock","16":"sold-individually","17":"shipping-taxable","18":"purchasable","19":"product-type-simple"},"_links":{"self":[{"href":"https:\/\/stampcurio.com\/hu\/wp-json\/wp\/v2\/product\/36492","targetHints":{"allow":["GET"]}}],"collection":[{"href":"https:\/\/stampcurio.com\/hu\/wp-json\/wp\/v2\/product"}],"about":[{"href":"https:\/\/stampcurio.com\/hu\/wp-json\/wp\/v2\/types\/product"}],"wp:featuredmedia":[{"embeddable":true,"href":"https:\/\/stampcurio.com\/hu\/wp-json\/wp\/v2\/media\/36490"}],"wp:attachment":[{"href":"https:\/\/stampcurio.com\/hu\/wp-json\/wp\/v2\/media?parent=36492"}],"wp:term":[{"taxonomy":"product_brand","embeddable":true,"href":"https:\/\/stampcurio.com\/hu\/wp-json\/wp\/v2\/product_brand?post=36492"},{"taxonomy":"product_cat","embeddable":true,"href":"https:\/\/stampcurio.com\/hu\/wp-json\/wp\/v2\/product_cat?post=36492"},{"taxonomy":"product_tag","embeddable":true,"href":"https:\/\/stampcurio.com\/hu\/wp-json\/wp\/v2\/product_tag?post=36492"}],"curies":[{"name":"wp","href":"https:\/\/api.w.org\/{rel}","templated":true}]}}