{"id":36471,"date":"2025-12-04T22:24:52","date_gmt":"2025-12-04T21:24:52","guid":{"rendered":"https:\/\/stampcurio.com\/product\/sc-25-2675\/"},"modified":"2026-01-05T15:02:33","modified_gmt":"2026-01-05T14:02:33","slug":"1858-austria-2kr-ujsagbelyeg-papirranccal-czernowitz-belyegzessel","status":"publish","type":"product","link":"https:\/\/stampcurio.com\/hu\/termek\/1858-austria-2kr-ujsagbelyeg-papirranccal-czernowitz-belyegzessel\/","title":{"rendered":"1858 Austria &#8211; 2kr \u00fajs\u00e1gb\u00e9lyeg pap\u00edrr\u00e1nccal Czernowitz b\u00e9lyegz\u00e9ssel"},"content":{"rendered":"","protected":false},"excerpt":{"rendered":"","protected":false},"featured_media":36469,"template":"","meta":[],"product_brand":[],"product_cat":[1178,1226],"product_tag":[1669,116,282,217,1006],"class_list":{"0":"post-36471","1":"product","2":"type-product","3":"status-publish","4":"has-post-thumbnail","6":"product_cat-ausztria","7":"product_cat-ukrajna","8":"product_tag-3rd-auction","9":"product_tag-belyeg","10":"product_tag-okmanybelyeg","11":"product_tag-tevnyomat","12":"product_tag-unsold","14":"first","15":"instock","16":"sold-individually","17":"shipping-taxable","18":"purchasable","19":"product-type-simple"},"_links":{"self":[{"href":"https:\/\/stampcurio.com\/hu\/wp-json\/wp\/v2\/product\/36471","targetHints":{"allow":["GET"]}}],"collection":[{"href":"https:\/\/stampcurio.com\/hu\/wp-json\/wp\/v2\/product"}],"about":[{"href":"https:\/\/stampcurio.com\/hu\/wp-json\/wp\/v2\/types\/product"}],"wp:featuredmedia":[{"embeddable":true,"href":"https:\/\/stampcurio.com\/hu\/wp-json\/wp\/v2\/media\/36469"}],"wp:attachment":[{"href":"https:\/\/stampcurio.com\/hu\/wp-json\/wp\/v2\/media?parent=36471"}],"wp:term":[{"taxonomy":"product_brand","embeddable":true,"href":"https:\/\/stampcurio.com\/hu\/wp-json\/wp\/v2\/product_brand?post=36471"},{"taxonomy":"product_cat","embeddable":true,"href":"https:\/\/stampcurio.com\/hu\/wp-json\/wp\/v2\/product_cat?post=36471"},{"taxonomy":"product_tag","embeddable":true,"href":"https:\/\/stampcurio.com\/hu\/wp-json\/wp\/v2\/product_tag?post=36471"}],"curies":[{"name":"wp","href":"https:\/\/api.w.org\/{rel}","templated":true}]}}