{"id":36462,"date":"2025-12-04T22:23:44","date_gmt":"2025-12-04T21:23:44","guid":{"rendered":"https:\/\/stampcurio.com\/product\/sc-25-2667\/"},"modified":"2026-01-05T15:02:33","modified_gmt":"2026-01-05T14:02:33","slug":"1858-ausztria-postatiszta-zold-nagy-alaku-andraskereszt-ket-pottyel-ferchenbauer-210-eur","status":"publish","type":"product","link":"https:\/\/stampcurio.com\/hu\/termek\/1858-ausztria-postatiszta-zold-nagy-alaku-andraskereszt-ket-pottyel-ferchenbauer-210-eur\/","title":{"rendered":"1858 Ausztria &#8211; postatiszta (*) z\u00f6ld nagy alak\u00fa Andr\u00e1skereszt k\u00e9t p\u00f6ttyel | Ferchenbauer 210++ EUR"},"content":{"rendered":"","protected":false},"excerpt":{"rendered":"","protected":false},"featured_media":36460,"template":"","meta":[],"product_brand":[],"product_cat":[1178],"product_tag":[1669,116,1006],"class_list":{"0":"post-36462","1":"product","2":"type-product","3":"status-publish","4":"has-post-thumbnail","6":"product_cat-ausztria","7":"product_tag-3rd-auction","8":"product_tag-belyeg","9":"product_tag-unsold","11":"first","12":"instock","13":"sold-individually","14":"shipping-taxable","15":"purchasable","16":"product-type-simple"},"_links":{"self":[{"href":"https:\/\/stampcurio.com\/hu\/wp-json\/wp\/v2\/product\/36462","targetHints":{"allow":["GET"]}}],"collection":[{"href":"https:\/\/stampcurio.com\/hu\/wp-json\/wp\/v2\/product"}],"about":[{"href":"https:\/\/stampcurio.com\/hu\/wp-json\/wp\/v2\/types\/product"}],"wp:featuredmedia":[{"embeddable":true,"href":"https:\/\/stampcurio.com\/hu\/wp-json\/wp\/v2\/media\/36460"}],"wp:attachment":[{"href":"https:\/\/stampcurio.com\/hu\/wp-json\/wp\/v2\/media?parent=36462"}],"wp:term":[{"taxonomy":"product_brand","embeddable":true,"href":"https:\/\/stampcurio.com\/hu\/wp-json\/wp\/v2\/product_brand?post=36462"},{"taxonomy":"product_cat","embeddable":true,"href":"https:\/\/stampcurio.com\/hu\/wp-json\/wp\/v2\/product_cat?post=36462"},{"taxonomy":"product_tag","embeddable":true,"href":"https:\/\/stampcurio.com\/hu\/wp-json\/wp\/v2\/product_tag?post=36462"}],"curies":[{"name":"wp","href":"https:\/\/api.w.org\/{rel}","templated":true}]}}