{"id":36254,"date":"2025-12-04T20:37:05","date_gmt":"2025-12-04T19:37:05","guid":{"rendered":"https:\/\/stampcurio.com\/product\/sc-25-2672\/"},"modified":"2025-12-05T04:00:25","modified_gmt":"2025-12-05T03:00:25","slug":"1867-magyarorszag-50-kr-luxus-geld-anweisung-sissek-belyegzes-de-a-belyeg-hibas-lasd-kepet","status":"publish","type":"product","link":"https:\/\/stampcurio.com\/hu\/termek\/1867-magyarorszag-50-kr-luxus-geld-anweisung-sissek-belyegzes-de-a-belyeg-hibas-lasd-kepet\/","title":{"rendered":"1867 Magyarorsz\u00e1g &#8211; 50 kr luxus GELD-ANWEISUNG \/ SISSEK b\u00e9lyegz\u00e9s &#8211; de a b\u00e9lyeg hib\u00e1s &#8211; l\u00e1sd k\u00e9pet"},"content":{"rendered":"","protected":false},"excerpt":{"rendered":"","protected":false},"featured_media":36252,"template":"","meta":[],"product_brand":[],"product_cat":[1178,1192,1172],"product_tag":[1669,1041],"class_list":{"0":"post-36254","1":"product","2":"type-product","3":"status-publish","4":"has-post-thumbnail","6":"product_cat-ausztria","7":"product_cat-horvatorszag","8":"product_cat-magyarorszag","9":"product_tag-3rd-auction","10":"product_tag-marcophily-hu","12":"first","13":"outofstock","14":"sold-individually","15":"shipping-taxable","16":"purchasable","17":"product-type-simple"},"_links":{"self":[{"href":"https:\/\/stampcurio.com\/hu\/wp-json\/wp\/v2\/product\/36254","targetHints":{"allow":["GET"]}}],"collection":[{"href":"https:\/\/stampcurio.com\/hu\/wp-json\/wp\/v2\/product"}],"about":[{"href":"https:\/\/stampcurio.com\/hu\/wp-json\/wp\/v2\/types\/product"}],"wp:featuredmedia":[{"embeddable":true,"href":"https:\/\/stampcurio.com\/hu\/wp-json\/wp\/v2\/media\/36252"}],"wp:attachment":[{"href":"https:\/\/stampcurio.com\/hu\/wp-json\/wp\/v2\/media?parent=36254"}],"wp:term":[{"taxonomy":"product_brand","embeddable":true,"href":"https:\/\/stampcurio.com\/hu\/wp-json\/wp\/v2\/product_brand?post=36254"},{"taxonomy":"product_cat","embeddable":true,"href":"https:\/\/stampcurio.com\/hu\/wp-json\/wp\/v2\/product_cat?post=36254"},{"taxonomy":"product_tag","embeddable":true,"href":"https:\/\/stampcurio.com\/hu\/wp-json\/wp\/v2\/product_tag?post=36254"}],"curies":[{"name":"wp","href":"https:\/\/api.w.org\/{rel}","templated":true}]}}