{"id":36248,"date":"2025-12-04T20:36:44","date_gmt":"2025-12-04T19:36:44","guid":{"rendered":"https:\/\/stampcurio.com\/product\/sc-25-2671\/"},"modified":"2025-12-05T04:00:25","modified_gmt":"2025-12-05T03:00:25","slug":"1867-magyarorszag-levante-konzulatusi-posta-romaniaba-luxus-jbraila-belyegzes-5-sld-paron","status":"publish","type":"product","link":"https:\/\/stampcurio.com\/hu\/termek\/1867-magyarorszag-levante-konzulatusi-posta-romaniaba-luxus-jbraila-belyegzes-5-sld-paron\/","title":{"rendered":"1867 Magyarorsz\u00e1g &#8211; Levante &#8211; konzul\u00e1tusi posta Rom\u00e1ni\u00e1ba &#8211; luxus JBRAILA b\u00e9lyegz\u00e9s 5 sld p\u00e1ron"},"content":{"rendered":"","protected":false},"excerpt":{"rendered":"<p>A b\u00e9lyegek fels\u0151 r\u00e9sz\u00e9n szinte \u00e9szrevehetetlen hajt\u00e1snyom.<\/p>\n","protected":false},"featured_media":36246,"template":"","meta":[],"product_brand":[],"product_cat":[1178,1172,1208],"product_tag":[1669,116,127,1041],"class_list":{"0":"post-36248","1":"product","2":"type-product","3":"status-publish","4":"has-post-thumbnail","6":"product_cat-ausztria","7":"product_cat-magyarorszag","8":"product_cat-romania","9":"product_tag-3rd-auction","10":"product_tag-belyeg","11":"product_tag-konzulatusi-posta","12":"product_tag-marcophily-hu","14":"first","15":"outofstock","16":"sold-individually","17":"shipping-taxable","18":"purchasable","19":"product-type-simple"},"_links":{"self":[{"href":"https:\/\/stampcurio.com\/hu\/wp-json\/wp\/v2\/product\/36248","targetHints":{"allow":["GET"]}}],"collection":[{"href":"https:\/\/stampcurio.com\/hu\/wp-json\/wp\/v2\/product"}],"about":[{"href":"https:\/\/stampcurio.com\/hu\/wp-json\/wp\/v2\/types\/product"}],"wp:featuredmedia":[{"embeddable":true,"href":"https:\/\/stampcurio.com\/hu\/wp-json\/wp\/v2\/media\/36246"}],"wp:attachment":[{"href":"https:\/\/stampcurio.com\/hu\/wp-json\/wp\/v2\/media?parent=36248"}],"wp:term":[{"taxonomy":"product_brand","embeddable":true,"href":"https:\/\/stampcurio.com\/hu\/wp-json\/wp\/v2\/product_brand?post=36248"},{"taxonomy":"product_cat","embeddable":true,"href":"https:\/\/stampcurio.com\/hu\/wp-json\/wp\/v2\/product_cat?post=36248"},{"taxonomy":"product_tag","embeddable":true,"href":"https:\/\/stampcurio.com\/hu\/wp-json\/wp\/v2\/product_tag?post=36248"}],"curies":[{"name":"wp","href":"https:\/\/api.w.org\/{rel}","templated":true}]}}