{"id":36243,"date":"2025-12-04T20:36:23","date_gmt":"2025-12-04T19:36:23","guid":{"rendered":"https:\/\/stampcurio.com\/product\/sc-25-2669\/"},"modified":"2025-12-05T04:00:26","modified_gmt":"2025-12-05T03:00:26","slug":"1864-ausztria-levante-konzulatusi-posta-romaniaba-szep-jbraila-belyegzes-5-soldi-paron","status":"publish","type":"product","link":"https:\/\/stampcurio.com\/hu\/termek\/1864-ausztria-levante-konzulatusi-posta-romaniaba-szep-jbraila-belyegzes-5-soldi-paron\/","title":{"rendered":"1864 Ausztria \u2013 Levante \u2013 konzul\u00e1tusi posta Rom\u00e1ni\u00e1ba \u2013 sz\u00e9p JBRAILA b\u00e9lyegz\u00e9s 5 soldi p\u00e1ron"},"content":{"rendered":"","protected":false},"excerpt":{"rendered":"","protected":false},"featured_media":36237,"template":"","meta":[],"product_brand":[],"product_cat":[1178,1172,1208],"product_tag":[1669,116,127,1041],"class_list":{"0":"post-36243","1":"product","2":"type-product","3":"status-publish","4":"has-post-thumbnail","6":"product_cat-ausztria","7":"product_cat-magyarorszag","8":"product_cat-romania","9":"product_tag-3rd-auction","10":"product_tag-belyeg","11":"product_tag-konzulatusi-posta","12":"product_tag-marcophily-hu","14":"first","15":"outofstock","16":"sold-individually","17":"shipping-taxable","18":"purchasable","19":"product-type-simple"},"_links":{"self":[{"href":"https:\/\/stampcurio.com\/hu\/wp-json\/wp\/v2\/product\/36243","targetHints":{"allow":["GET"]}}],"collection":[{"href":"https:\/\/stampcurio.com\/hu\/wp-json\/wp\/v2\/product"}],"about":[{"href":"https:\/\/stampcurio.com\/hu\/wp-json\/wp\/v2\/types\/product"}],"wp:featuredmedia":[{"embeddable":true,"href":"https:\/\/stampcurio.com\/hu\/wp-json\/wp\/v2\/media\/36237"}],"wp:attachment":[{"href":"https:\/\/stampcurio.com\/hu\/wp-json\/wp\/v2\/media?parent=36243"}],"wp:term":[{"taxonomy":"product_brand","embeddable":true,"href":"https:\/\/stampcurio.com\/hu\/wp-json\/wp\/v2\/product_brand?post=36243"},{"taxonomy":"product_cat","embeddable":true,"href":"https:\/\/stampcurio.com\/hu\/wp-json\/wp\/v2\/product_cat?post=36243"},{"taxonomy":"product_tag","embeddable":true,"href":"https:\/\/stampcurio.com\/hu\/wp-json\/wp\/v2\/product_tag?post=36243"}],"curies":[{"name":"wp","href":"https:\/\/api.w.org\/{rel}","templated":true}]}}