{"id":36235,"date":"2025-12-04T20:36:02","date_gmt":"2025-12-04T19:36:02","guid":{"rendered":"https:\/\/stampcurio.com\/product\/sc-25-2607\/"},"modified":"2026-01-05T15:02:34","modified_gmt":"2026-01-05T14:02:34","slug":"1957-magyarorszag-az-usa-ba-kuldott-szallitolevel-a-3-kg-os-csomag-szerinti-3520-forint-bermentesitessel","status":"publish","type":"product","link":"https:\/\/stampcurio.com\/hu\/termek\/1957-magyarorszag-az-usa-ba-kuldott-szallitolevel-a-3-kg-os-csomag-szerinti-3520-forint-bermentesitessel\/","title":{"rendered":"1957 Magyarorsz\u00e1g &#8211; az USA-ba k\u00fcld\u00f6tt sz\u00e1ll\u00edt\u00f3lev\u00e9l a 3 kg-os csomag szerinti 35,20 Forint b\u00e9rmentes\u00edt\u00e9ssel"},"content":{"rendered":"","protected":false},"excerpt":{"rendered":"","protected":false},"featured_media":36233,"template":"","meta":[],"product_brand":[],"product_cat":[1172],"product_tag":[1669,116,89,157,1006],"class_list":{"0":"post-36235","1":"product","2":"type-product","3":"status-publish","4":"has-post-thumbnail","6":"product_cat-magyarorszag","7":"product_tag-3rd-auction","8":"product_tag-belyeg","9":"product_tag-postatortenet","10":"product_tag-szallitolevel","11":"product_tag-unsold","13":"first","14":"instock","15":"sold-individually","16":"shipping-taxable","17":"purchasable","18":"product-type-simple"},"_links":{"self":[{"href":"https:\/\/stampcurio.com\/hu\/wp-json\/wp\/v2\/product\/36235","targetHints":{"allow":["GET"]}}],"collection":[{"href":"https:\/\/stampcurio.com\/hu\/wp-json\/wp\/v2\/product"}],"about":[{"href":"https:\/\/stampcurio.com\/hu\/wp-json\/wp\/v2\/types\/product"}],"wp:featuredmedia":[{"embeddable":true,"href":"https:\/\/stampcurio.com\/hu\/wp-json\/wp\/v2\/media\/36233"}],"wp:attachment":[{"href":"https:\/\/stampcurio.com\/hu\/wp-json\/wp\/v2\/media?parent=36235"}],"wp:term":[{"taxonomy":"product_brand","embeddable":true,"href":"https:\/\/stampcurio.com\/hu\/wp-json\/wp\/v2\/product_brand?post=36235"},{"taxonomy":"product_cat","embeddable":true,"href":"https:\/\/stampcurio.com\/hu\/wp-json\/wp\/v2\/product_cat?post=36235"},{"taxonomy":"product_tag","embeddable":true,"href":"https:\/\/stampcurio.com\/hu\/wp-json\/wp\/v2\/product_tag?post=36235"}],"curies":[{"name":"wp","href":"https:\/\/api.w.org\/{rel}","templated":true}]}}