{"id":36223,"date":"2025-12-04T20:35:09","date_gmt":"2025-12-04T19:35:09","guid":{"rendered":"https:\/\/stampcurio.com\/product\/sc-25-2601\/"},"modified":"2025-12-06T12:08:34","modified_gmt":"2025-12-06T11:08:34","slug":"1867-magyarorszag-levante-konzulatusi-posta-romaniaba-luxus-bucarest-belyegzes-15-sld-paron-attest-goller","status":"publish","type":"product","link":"https:\/\/stampcurio.com\/hu\/termek\/1867-magyarorszag-levante-konzulatusi-posta-romaniaba-luxus-bucarest-belyegzes-15-sld-paron-attest-goller\/","title":{"rendered":"1867 Magyarorsz\u00e1g \u2013 Levante \u2013 konzul\u00e1tusi posta Rom\u00e1ni\u00e1ba \u2013 luxus BUCAREST b\u00e9lyegz\u00e9s 15 sld p\u00e1ron &#8211; Attest Goller"},"content":{"rendered":"","protected":false},"excerpt":{"rendered":"","protected":false},"featured_media":36221,"template":"","meta":[],"product_brand":[],"product_cat":[1178,1172,1208],"product_tag":[1669,116,127,1041,89],"class_list":{"0":"post-36223","1":"product","2":"type-product","3":"status-publish","4":"has-post-thumbnail","6":"product_cat-ausztria","7":"product_cat-magyarorszag","8":"product_cat-romania","9":"product_tag-3rd-auction","10":"product_tag-belyeg","11":"product_tag-konzulatusi-posta","12":"product_tag-marcophily-hu","13":"product_tag-postatortenet","15":"first","16":"outofstock","17":"sold-individually","18":"shipping-taxable","19":"purchasable","20":"product-type-simple"},"_links":{"self":[{"href":"https:\/\/stampcurio.com\/hu\/wp-json\/wp\/v2\/product\/36223","targetHints":{"allow":["GET"]}}],"collection":[{"href":"https:\/\/stampcurio.com\/hu\/wp-json\/wp\/v2\/product"}],"about":[{"href":"https:\/\/stampcurio.com\/hu\/wp-json\/wp\/v2\/types\/product"}],"wp:featuredmedia":[{"embeddable":true,"href":"https:\/\/stampcurio.com\/hu\/wp-json\/wp\/v2\/media\/36221"}],"wp:attachment":[{"href":"https:\/\/stampcurio.com\/hu\/wp-json\/wp\/v2\/media?parent=36223"}],"wp:term":[{"taxonomy":"product_brand","embeddable":true,"href":"https:\/\/stampcurio.com\/hu\/wp-json\/wp\/v2\/product_brand?post=36223"},{"taxonomy":"product_cat","embeddable":true,"href":"https:\/\/stampcurio.com\/hu\/wp-json\/wp\/v2\/product_cat?post=36223"},{"taxonomy":"product_tag","embeddable":true,"href":"https:\/\/stampcurio.com\/hu\/wp-json\/wp\/v2\/product_tag?post=36223"}],"curies":[{"name":"wp","href":"https:\/\/api.w.org\/{rel}","templated":true}]}}