{"id":36171,"date":"2025-12-04T17:54:43","date_gmt":"2025-12-04T16:54:43","guid":{"rendered":"https:\/\/stampcurio.com\/product\/sc-25-2605\/"},"modified":"2025-12-05T04:00:27","modified_gmt":"2025-12-05T03:00:27","slug":"1945-magyarorszag-nyiregyhaza-i-kiadas-40-filler-parban-ii-kiadas-szinten-40-filler-pruf-leitold-phu-188-eur","status":"publish","type":"product","link":"https:\/\/stampcurio.com\/hu\/termek\/1945-magyarorszag-nyiregyhaza-i-kiadas-40-filler-parban-ii-kiadas-szinten-40-filler-pruf-leitold-phu-188-eur\/","title":{"rendered":"1945 Magyarorsz\u00e1g &#8211; Ny\u00edregyh\u00e1za &#8211; I. kiad\u00e1s 40 fill\u00e9r p\u00e1rban + II. kiad\u00e1s szint\u00e9n 40 fill\u00e9r | Pr\u00fcf: Leitold | Phu: 188++ EUR"},"content":{"rendered":"","protected":false},"excerpt":{"rendered":"","protected":false},"featured_media":36169,"template":"","meta":[],"product_brand":[],"product_cat":[1172],"product_tag":[1669,116,1332],"class_list":{"0":"post-36171","1":"product","2":"type-product","3":"status-publish","4":"has-post-thumbnail","6":"product_cat-magyarorszag","7":"product_tag-3rd-auction","8":"product_tag-belyeg","9":"product_tag-helyi-kiadas","11":"first","12":"outofstock","13":"sold-individually","14":"shipping-taxable","15":"purchasable","16":"product-type-simple"},"_links":{"self":[{"href":"https:\/\/stampcurio.com\/hu\/wp-json\/wp\/v2\/product\/36171","targetHints":{"allow":["GET"]}}],"collection":[{"href":"https:\/\/stampcurio.com\/hu\/wp-json\/wp\/v2\/product"}],"about":[{"href":"https:\/\/stampcurio.com\/hu\/wp-json\/wp\/v2\/types\/product"}],"wp:featuredmedia":[{"embeddable":true,"href":"https:\/\/stampcurio.com\/hu\/wp-json\/wp\/v2\/media\/36169"}],"wp:attachment":[{"href":"https:\/\/stampcurio.com\/hu\/wp-json\/wp\/v2\/media?parent=36171"}],"wp:term":[{"taxonomy":"product_brand","embeddable":true,"href":"https:\/\/stampcurio.com\/hu\/wp-json\/wp\/v2\/product_brand?post=36171"},{"taxonomy":"product_cat","embeddable":true,"href":"https:\/\/stampcurio.com\/hu\/wp-json\/wp\/v2\/product_cat?post=36171"},{"taxonomy":"product_tag","embeddable":true,"href":"https:\/\/stampcurio.com\/hu\/wp-json\/wp\/v2\/product_tag?post=36171"}],"curies":[{"name":"wp","href":"https:\/\/api.w.org\/{rel}","templated":true}]}}