{"id":36164,"date":"2025-12-04T17:54:09","date_gmt":"2025-12-04T16:54:09","guid":{"rendered":"https:\/\/stampcurio.com\/product\/sc-25-2604\/"},"modified":"2026-01-05T15:02:34","modified_gmt":"2026-01-05T14:02:34","slug":"1929-dania-magyarorszag-legiposta-valaszos-dijjegyes-levelezolap-vegyes-magyar-dan-bermentesitessel","status":"publish","type":"product","link":"https:\/\/stampcurio.com\/hu\/termek\/1929-dania-magyarorszag-legiposta-valaszos-dijjegyes-levelezolap-vegyes-magyar-dan-bermentesitessel\/","title":{"rendered":"1929 D\u00e1nia &#8211; Magyarorsz\u00e1g &#8211; l\u00e9giposta v\u00e1laszos d\u00edjjegyes levelez\u0151lap vegyes magyar &#8211; d\u00e1n b\u00e9rmentes\u00edt\u00e9ssel"},"content":{"rendered":"","protected":false},"excerpt":{"rendered":"<p>A d\u00edjjegyes lapon a visszak\u00fcld\u00e9s d\u00edj\u00e1t szab\u00e1lyszer\u0171en felad\u00e1skor ragasztott\u00e1k fel (magyar b\u00e9lyegekkel), viszont a visszak\u00fcld\u00e9s l\u00e9giposta p\u00f3td\u00edj\u00e1t m\u00e1r d\u00e1n b\u00e9lyeggel fizett\u00e9k meg. Szab\u00e1lyos rendk\u00edv\u00fcli vegyes b\u00e9rmentes\u00edt\u00e9s.<\/p>\n","protected":false},"featured_media":36161,"template":"","meta":[],"product_brand":[],"product_cat":[1200,1172],"product_tag":[1669,116,74,115,176,89,405,1006,172],"class_list":{"0":"post-36164","1":"product","2":"type-product","3":"status-publish","4":"has-post-thumbnail","6":"product_cat-dania","7":"product_cat-magyarorszag","8":"product_tag-3rd-auction","9":"product_tag-belyeg","10":"product_tag-dijjegyes","11":"product_tag-legiposta","12":"product_tag-philagem","13":"product_tag-postatortenet","14":"product_tag-ragjegy","15":"product_tag-unsold","16":"product_tag-vegyes-bermentesites","18":"first","19":"instock","20":"sold-individually","21":"shipping-taxable","22":"purchasable","23":"product-type-simple"},"_links":{"self":[{"href":"https:\/\/stampcurio.com\/hu\/wp-json\/wp\/v2\/product\/36164","targetHints":{"allow":["GET"]}}],"collection":[{"href":"https:\/\/stampcurio.com\/hu\/wp-json\/wp\/v2\/product"}],"about":[{"href":"https:\/\/stampcurio.com\/hu\/wp-json\/wp\/v2\/types\/product"}],"wp:featuredmedia":[{"embeddable":true,"href":"https:\/\/stampcurio.com\/hu\/wp-json\/wp\/v2\/media\/36161"}],"wp:attachment":[{"href":"https:\/\/stampcurio.com\/hu\/wp-json\/wp\/v2\/media?parent=36164"}],"wp:term":[{"taxonomy":"product_brand","embeddable":true,"href":"https:\/\/stampcurio.com\/hu\/wp-json\/wp\/v2\/product_brand?post=36164"},{"taxonomy":"product_cat","embeddable":true,"href":"https:\/\/stampcurio.com\/hu\/wp-json\/wp\/v2\/product_cat?post=36164"},{"taxonomy":"product_tag","embeddable":true,"href":"https:\/\/stampcurio.com\/hu\/wp-json\/wp\/v2\/product_tag?post=36164"}],"curies":[{"name":"wp","href":"https:\/\/api.w.org\/{rel}","templated":true}]}}