{"id":36157,"date":"2025-12-04T17:53:45","date_gmt":"2025-12-04T16:53:45","guid":{"rendered":"https:\/\/stampcurio.com\/product\/sc-25-2600\/"},"modified":"2026-01-05T15:02:35","modified_gmt":"2026-01-05T14:02:35","slug":"1897-magyarorszag-dijjegyes-levelezesi-lap-vermes-lajos-perfinnel-nemetorszagba-kuldve-perfin-ritkasag","status":"publish","type":"product","link":"https:\/\/stampcurio.com\/hu\/termek\/1897-magyarorszag-dijjegyes-levelezesi-lap-vermes-lajos-perfinnel-nemetorszagba-kuldve-perfin-ritkasag\/","title":{"rendered":"1897 Magyarorsz\u00e1g &#8211; D\u00edjjegyes levelez\u00e9si lap VERMES LAJOS perfinnel N\u00e9metorsz\u00e1gba k\u00fcldve &#8211; perfin ritkas\u00e1g!"},"content":{"rendered":"","protected":false},"excerpt":{"rendered":"","protected":false},"featured_media":36155,"template":"","meta":[],"product_brand":[],"product_cat":[1172,1245],"product_tag":[1669,74,230,176,1006],"class_list":{"0":"post-36157","1":"product","2":"type-product","3":"status-publish","4":"has-post-thumbnail","6":"product_cat-magyarorszag","7":"product_cat-szerbia","8":"product_tag-3rd-auction","9":"product_tag-dijjegyes","10":"product_tag-perfin","11":"product_tag-philagem","12":"product_tag-unsold","14":"first","15":"instock","16":"sold-individually","17":"shipping-taxable","18":"purchasable","19":"product-type-simple"},"_links":{"self":[{"href":"https:\/\/stampcurio.com\/hu\/wp-json\/wp\/v2\/product\/36157","targetHints":{"allow":["GET"]}}],"collection":[{"href":"https:\/\/stampcurio.com\/hu\/wp-json\/wp\/v2\/product"}],"about":[{"href":"https:\/\/stampcurio.com\/hu\/wp-json\/wp\/v2\/types\/product"}],"wp:featuredmedia":[{"embeddable":true,"href":"https:\/\/stampcurio.com\/hu\/wp-json\/wp\/v2\/media\/36155"}],"wp:attachment":[{"href":"https:\/\/stampcurio.com\/hu\/wp-json\/wp\/v2\/media?parent=36157"}],"wp:term":[{"taxonomy":"product_brand","embeddable":true,"href":"https:\/\/stampcurio.com\/hu\/wp-json\/wp\/v2\/product_brand?post=36157"},{"taxonomy":"product_cat","embeddable":true,"href":"https:\/\/stampcurio.com\/hu\/wp-json\/wp\/v2\/product_cat?post=36157"},{"taxonomy":"product_tag","embeddable":true,"href":"https:\/\/stampcurio.com\/hu\/wp-json\/wp\/v2\/product_tag?post=36157"}],"curies":[{"name":"wp","href":"https:\/\/api.w.org\/{rel}","templated":true}]}}