{"id":36150,"date":"2025-12-04T17:53:16","date_gmt":"2025-12-04T16:53:16","guid":{"rendered":"https:\/\/stampcurio.com\/product\/sc-25-2597\/"},"modified":"2025-12-05T04:00:28","modified_gmt":"2025-12-05T03:00:28","slug":"1956-magyarorszag-a-szabadsagharc-utan-a-csaladja-singer-ilona-keresesere-kuldott-boritekjai-menekult-taborokba-jugoszlavia-macedonia","status":"publish","type":"product","link":"https:\/\/stampcurio.com\/hu\/termek\/1956-magyarorszag-a-szabadsagharc-utan-a-csaladja-singer-ilona-keresesere-kuldott-boritekjai-menekult-taborokba-jugoszlavia-macedonia\/","title":{"rendered":"1956 Magyarorsz\u00e1g &#8211; A szabads\u00e1gharc ut\u00e1n a csal\u00e1dja Singer Ilona keres\u00e9s\u00e9re k\u00fcld\u00f6tt bor\u00edt\u00e9kjai menek\u00fclt t\u00e1borokba: Jugoszl\u00e1via, Maced\u00f3nia"},"content":{"rendered":"","protected":false},"excerpt":{"rendered":"","protected":false},"featured_media":36148,"template":"","meta":[],"product_brand":[],"product_cat":[1172],"product_tag":[1743,1669,89],"class_list":{"0":"post-36150","1":"product","2":"type-product","3":"status-publish","4":"has-post-thumbnail","6":"product_cat-magyarorszag","7":"product_tag-1743","8":"product_tag-3rd-auction","9":"product_tag-postatortenet","11":"first","12":"outofstock","13":"sold-individually","14":"shipping-taxable","15":"purchasable","16":"product-type-simple"},"_links":{"self":[{"href":"https:\/\/stampcurio.com\/hu\/wp-json\/wp\/v2\/product\/36150","targetHints":{"allow":["GET"]}}],"collection":[{"href":"https:\/\/stampcurio.com\/hu\/wp-json\/wp\/v2\/product"}],"about":[{"href":"https:\/\/stampcurio.com\/hu\/wp-json\/wp\/v2\/types\/product"}],"wp:featuredmedia":[{"embeddable":true,"href":"https:\/\/stampcurio.com\/hu\/wp-json\/wp\/v2\/media\/36148"}],"wp:attachment":[{"href":"https:\/\/stampcurio.com\/hu\/wp-json\/wp\/v2\/media?parent=36150"}],"wp:term":[{"taxonomy":"product_brand","embeddable":true,"href":"https:\/\/stampcurio.com\/hu\/wp-json\/wp\/v2\/product_brand?post=36150"},{"taxonomy":"product_cat","embeddable":true,"href":"https:\/\/stampcurio.com\/hu\/wp-json\/wp\/v2\/product_cat?post=36150"},{"taxonomy":"product_tag","embeddable":true,"href":"https:\/\/stampcurio.com\/hu\/wp-json\/wp\/v2\/product_tag?post=36150"}],"curies":[{"name":"wp","href":"https:\/\/api.w.org\/{rel}","templated":true}]}}