{"id":35952,"date":"2025-12-04T14:10:15","date_gmt":"2025-12-04T13:10:15","guid":{"rendered":"https:\/\/stampcurio.com\/product\/sc-25-2614\/"},"modified":"2026-01-05T15:02:35","modified_gmt":"2026-01-05T14:02:35","slug":"1901-korea-hasznalatlan-dijjegyes-lap-kifogastalan-minosegben-ascher-p4-pc4","status":"publish","type":"product","link":"https:\/\/stampcurio.com\/hu\/termek\/1901-korea-hasznalatlan-dijjegyes-lap-kifogastalan-minosegben-ascher-p4-pc4\/","title":{"rendered":"1901 Korea \u2013 haszn\u00e1latlan d\u00edjjegyes lap kifog\u00e1stalan min\u0151s\u00e9gben | Ascher P4 | PC4"},"content":{"rendered":"","protected":false},"excerpt":{"rendered":"","protected":false},"featured_media":35950,"template":"","meta":[],"product_brand":[],"product_cat":[1696],"product_tag":[1669,74,1006],"class_list":{"0":"post-35952","1":"product","2":"type-product","3":"status-publish","4":"has-post-thumbnail","6":"product_cat-korea","7":"product_tag-3rd-auction","8":"product_tag-dijjegyes","9":"product_tag-unsold","11":"first","12":"instock","13":"sold-individually","14":"shipping-taxable","15":"purchasable","16":"product-type-simple"},"_links":{"self":[{"href":"https:\/\/stampcurio.com\/hu\/wp-json\/wp\/v2\/product\/35952","targetHints":{"allow":["GET"]}}],"collection":[{"href":"https:\/\/stampcurio.com\/hu\/wp-json\/wp\/v2\/product"}],"about":[{"href":"https:\/\/stampcurio.com\/hu\/wp-json\/wp\/v2\/types\/product"}],"wp:featuredmedia":[{"embeddable":true,"href":"https:\/\/stampcurio.com\/hu\/wp-json\/wp\/v2\/media\/35950"}],"wp:attachment":[{"href":"https:\/\/stampcurio.com\/hu\/wp-json\/wp\/v2\/media?parent=35952"}],"wp:term":[{"taxonomy":"product_brand","embeddable":true,"href":"https:\/\/stampcurio.com\/hu\/wp-json\/wp\/v2\/product_brand?post=35952"},{"taxonomy":"product_cat","embeddable":true,"href":"https:\/\/stampcurio.com\/hu\/wp-json\/wp\/v2\/product_cat?post=35952"},{"taxonomy":"product_tag","embeddable":true,"href":"https:\/\/stampcurio.com\/hu\/wp-json\/wp\/v2\/product_tag?post=35952"}],"curies":[{"name":"wp","href":"https:\/\/api.w.org\/{rel}","templated":true}]}}