{"id":35656,"date":"2025-12-04T01:02:22","date_gmt":"2025-12-04T00:02:22","guid":{"rendered":"https:\/\/stampcurio.com\/product\/sc-25-2613\/"},"modified":"2025-12-05T04:00:29","modified_gmt":"2025-12-05T03:00:29","slug":"1921-magyarorszag-nyugat-magyarorszag-iii-postatiszta-arato-20-filler-dupla-tevnyomat-elooldalon-elcsuszott-felulnyomat-a-hatoldali-felulnyomat-forditott-allasu-pruf-bodo","status":"publish","type":"product","link":"https:\/\/stampcurio.com\/hu\/termek\/1921-magyarorszag-nyugat-magyarorszag-iii-postatiszta-arato-20-filler-dupla-tevnyomat-elooldalon-elcsuszott-felulnyomat-a-hatoldali-felulnyomat-forditott-allasu-pruf-bodo\/","title":{"rendered":"1921 Magyarorsz\u00e1g \u2013 Nyugat-Magyarorsz\u00e1g III. \u2013 postatiszta * arat\u00f3 20 fill\u00e9r, dupla t\u00e9vnyomat: el\u0151oldalon elcs\u00faszott fel\u00fclnyomat, a h\u00e1toldali fel\u00fclnyomat ford\u00edtott \u00e1ll\u00e1s\u00fa! | Pr\u00fcf: Bodor"},"content":{"rendered":"","protected":false},"excerpt":{"rendered":"","protected":false},"featured_media":35654,"template":"","meta":[],"product_brand":[],"product_cat":[1178,1172],"product_tag":[1669,116,1332,217],"class_list":{"0":"post-35656","1":"product","2":"type-product","3":"status-publish","4":"has-post-thumbnail","6":"product_cat-ausztria","7":"product_cat-magyarorszag","8":"product_tag-3rd-auction","9":"product_tag-belyeg","10":"product_tag-helyi-kiadas","11":"product_tag-tevnyomat","13":"first","14":"outofstock","15":"sold-individually","16":"shipping-taxable","17":"purchasable","18":"product-type-simple"},"_links":{"self":[{"href":"https:\/\/stampcurio.com\/hu\/wp-json\/wp\/v2\/product\/35656","targetHints":{"allow":["GET"]}}],"collection":[{"href":"https:\/\/stampcurio.com\/hu\/wp-json\/wp\/v2\/product"}],"about":[{"href":"https:\/\/stampcurio.com\/hu\/wp-json\/wp\/v2\/types\/product"}],"wp:featuredmedia":[{"embeddable":true,"href":"https:\/\/stampcurio.com\/hu\/wp-json\/wp\/v2\/media\/35654"}],"wp:attachment":[{"href":"https:\/\/stampcurio.com\/hu\/wp-json\/wp\/v2\/media?parent=35656"}],"wp:term":[{"taxonomy":"product_brand","embeddable":true,"href":"https:\/\/stampcurio.com\/hu\/wp-json\/wp\/v2\/product_brand?post=35656"},{"taxonomy":"product_cat","embeddable":true,"href":"https:\/\/stampcurio.com\/hu\/wp-json\/wp\/v2\/product_cat?post=35656"},{"taxonomy":"product_tag","embeddable":true,"href":"https:\/\/stampcurio.com\/hu\/wp-json\/wp\/v2\/product_tag?post=35656"}],"curies":[{"name":"wp","href":"https:\/\/api.w.org\/{rel}","templated":true}]}}