{"id":35473,"date":"2025-12-03T16:43:51","date_gmt":"2025-12-03T15:43:51","guid":{"rendered":"https:\/\/stampcurio.com\/product\/sc-25-2620\/"},"modified":"2025-12-05T04:00:29","modified_gmt":"2025-12-05T03:00:29","slug":"1962-eszak-korea-3-ton-air-hammer-barna-szinben-tevnyomat-az-evszamban-a-9-szam-javitott-ksc-165-usd-az-alapbelyeg-ara","status":"publish","type":"product","link":"https:\/\/stampcurio.com\/hu\/termek\/1962-eszak-korea-3-ton-air-hammer-barna-szinben-tevnyomat-az-evszamban-a-9-szam-javitott-ksc-165-usd-az-alapbelyeg-ara\/","title":{"rendered":"1962 \u00c9szak-Korea \u2013 \u201e3-ton Air Hammer\u201d barna sz\u00ednben, t\u00e9vnyomat: az \u00e9vsz\u00e1mban a &#8220;9&#8221; sz\u00e1m jav\u00edtott | KSC: 165 USD (az alapb\u00e9lyeg \u00e1ra)"},"content":{"rendered":"","protected":false},"excerpt":{"rendered":"<p>Gyenge enyvez\u00e9ssel szinte (*) \u00e1llapot.<\/p>\n","protected":false},"featured_media":35471,"template":"","meta":[],"product_brand":[],"product_cat":[1225],"product_tag":[1669,116,217],"class_list":{"0":"post-35473","1":"product","2":"type-product","3":"status-publish","4":"has-post-thumbnail","6":"product_cat-eszak-korea","7":"product_tag-3rd-auction","8":"product_tag-belyeg","9":"product_tag-tevnyomat","11":"first","12":"outofstock","13":"sold-individually","14":"shipping-taxable","15":"purchasable","16":"product-type-simple"},"_links":{"self":[{"href":"https:\/\/stampcurio.com\/hu\/wp-json\/wp\/v2\/product\/35473","targetHints":{"allow":["GET"]}}],"collection":[{"href":"https:\/\/stampcurio.com\/hu\/wp-json\/wp\/v2\/product"}],"about":[{"href":"https:\/\/stampcurio.com\/hu\/wp-json\/wp\/v2\/types\/product"}],"wp:featuredmedia":[{"embeddable":true,"href":"https:\/\/stampcurio.com\/hu\/wp-json\/wp\/v2\/media\/35471"}],"wp:attachment":[{"href":"https:\/\/stampcurio.com\/hu\/wp-json\/wp\/v2\/media?parent=35473"}],"wp:term":[{"taxonomy":"product_brand","embeddable":true,"href":"https:\/\/stampcurio.com\/hu\/wp-json\/wp\/v2\/product_brand?post=35473"},{"taxonomy":"product_cat","embeddable":true,"href":"https:\/\/stampcurio.com\/hu\/wp-json\/wp\/v2\/product_cat?post=35473"},{"taxonomy":"product_tag","embeddable":true,"href":"https:\/\/stampcurio.com\/hu\/wp-json\/wp\/v2\/product_tag?post=35473"}],"curies":[{"name":"wp","href":"https:\/\/api.w.org\/{rel}","templated":true}]}}