{"id":3350,"date":"2023-11-17T22:08:13","date_gmt":"2023-11-17T21:08:13","guid":{"rendered":"http:\/\/stampcurio.com\/?post_type=product&#038;p=3350"},"modified":"2025-12-05T04:12:50","modified_gmt":"2025-12-05T03:12:50","slug":"1935-tertiveveny-melyet-az-amerikai-magyar-konzulatus-kuldott-vissza-a-mezokovesdi-birosagnak","status":"publish","type":"product","link":"https:\/\/stampcurio.com\/hu\/termek\/1935-tertiveveny-melyet-az-amerikai-magyar-konzulatus-kuldott-vissza-a-mezokovesdi-birosagnak\/","title":{"rendered":"1935 t\u00e9rtivev\u00e9ny, melyet az amerikai magyar konzul\u00e1tus k\u00fcld\u00f6tt vissza a mez\u0151k\u00f6vesdi b\u00edr\u00f3s\u00e1gnak"},"content":{"rendered":"","protected":false},"excerpt":{"rendered":"","protected":false},"featured_media":11355,"template":"","meta":[],"product_brand":[],"product_cat":[298,73],"product_tag":[1044,127,89],"class_list":{"0":"post-3350","1":"product","2":"type-product","3":"status-publish","4":"has-post-thumbnail","6":"product_cat-egyesult-allamok-1st","7":"product_cat-magyarorszag-1st","8":"product_tag-1st-auction-hu","9":"product_tag-konzulatusi-posta","10":"product_tag-postatortenet","11":"pa_catalog_id-441","13":"first","14":"outofstock","15":"sold-individually","16":"shipping-taxable","17":"product-type-simple"},"_links":{"self":[{"href":"https:\/\/stampcurio.com\/hu\/wp-json\/wp\/v2\/product\/3350","targetHints":{"allow":["GET"]}}],"collection":[{"href":"https:\/\/stampcurio.com\/hu\/wp-json\/wp\/v2\/product"}],"about":[{"href":"https:\/\/stampcurio.com\/hu\/wp-json\/wp\/v2\/types\/product"}],"wp:featuredmedia":[{"embeddable":true,"href":"https:\/\/stampcurio.com\/hu\/wp-json\/wp\/v2\/media\/11355"}],"wp:attachment":[{"href":"https:\/\/stampcurio.com\/hu\/wp-json\/wp\/v2\/media?parent=3350"}],"wp:term":[{"taxonomy":"product_brand","embeddable":true,"href":"https:\/\/stampcurio.com\/hu\/wp-json\/wp\/v2\/product_brand?post=3350"},{"taxonomy":"product_cat","embeddable":true,"href":"https:\/\/stampcurio.com\/hu\/wp-json\/wp\/v2\/product_cat?post=3350"},{"taxonomy":"product_tag","embeddable":true,"href":"https:\/\/stampcurio.com\/hu\/wp-json\/wp\/v2\/product_tag?post=3350"}],"curies":[{"name":"wp","href":"https:\/\/api.w.org\/{rel}","templated":true}]}}