{"id":3347,"date":"2023-11-17T21:27:48","date_gmt":"2023-11-17T20:27:48","guid":{"rendered":"http:\/\/stampcurio.com\/?post_type=product&#038;p=3347"},"modified":"2025-12-05T04:12:50","modified_gmt":"2025-12-05T03:12:50","slug":"1905-01-01-an-feladott-vilagkoruli-level-az-uj-ev-unneplese-a-vilag-osszes-argentin-konzultasat-bejarva","status":"publish","type":"product","link":"https:\/\/stampcurio.com\/hu\/termek\/1905-01-01-an-feladott-vilagkoruli-level-az-uj-ev-unneplese-a-vilag-osszes-argentin-konzultasat-bejarva\/","title":{"rendered":"1905.01.01.-\u00e1n feladott vil\u00e1gk\u00f6r\u00fcli lev\u00e9l &#8220;az \u00faj \u00e9v \u00fcnnepl\u00e9se&#8221; a vil\u00e1g \u00f6sszes argent\u00edn konzult\u00e1s\u00e1t bej\u00e1rva"},"content":{"rendered":"","protected":false},"excerpt":{"rendered":"<p>1905.01.01. A montevideoi nagyk\u00f6vet \u00e1ltal ind\u00edtva<br \/>\n1905.01.30. P\u00e1rizs<br \/>\n1905.03.28. Br\u00fcsszel<br \/>\n1905.04.05. Amszterdam<br \/>\n1905.04.10. London<br \/>\n1905.04.13. Norv\u00e9gia &#8211; Christiania<br \/>\n1905.04.15. Koppenh\u00e1ga<br \/>\n1905.04.19. Stockholm<br \/>\n1905.05.25. Szentp\u00e9terv\u00e1r<br \/>\n1905.06.10. Berlin<br \/>\n1905.06.20. B\u00e9cs<br \/>\n1905.06.24. Budapest<br \/>\n1905.06.30. Genf<br \/>\n1905.07.03. Genova<br \/>\n1905.07.07. Madrid<br \/>\n1905.07.10. Lisszabon<\/p>\n<p>Rend\u00edkv\u00fcli unik\u00e1lis darab!<\/p>\n","protected":false},"featured_media":6001,"template":"","meta":[],"product_brand":[],"product_cat":[114,60,263,435,180,122,156,73,113,436,86,124,327,437,107,136,132],"product_tag":[1044,116,127,176,89],"class_list":{"0":"post-3347","1":"product","2":"type-product","3":"status-publish","4":"has-post-thumbnail","6":"product_cat-argentina-1st","7":"product_cat-ausztria-1st","8":"product_cat-belgium-1st","9":"product_cat-dania-1st","10":"product_cat-egyesult-kiralysag-1st","11":"product_cat-franciaorszag-1st","12":"product_cat-hollandia-1st","13":"product_cat-magyarorszag-1st","14":"product_cat-nemetorszag-1st","15":"product_cat-norvegia-1st","16":"product_cat-olaszorszag-1st","17":"product_cat-oroszorszag-1st","18":"product_cat-portugalia-1st","19":"product_cat-spanyolorszag-1st","20":"product_cat-svajc-1st","21":"product_cat-svedorszag-1st","22":"product_cat-uruguay-1st","23":"product_tag-1st-auction-hu","24":"product_tag-belyeg","25":"product_tag-konzulatusi-posta","26":"product_tag-philagem","27":"product_tag-postatortenet","28":"pa_catalog_id-434","30":"first","31":"outofstock","32":"sold-individually","33":"shipping-taxable","34":"product-type-simple"},"_links":{"self":[{"href":"https:\/\/stampcurio.com\/hu\/wp-json\/wp\/v2\/product\/3347","targetHints":{"allow":["GET"]}}],"collection":[{"href":"https:\/\/stampcurio.com\/hu\/wp-json\/wp\/v2\/product"}],"about":[{"href":"https:\/\/stampcurio.com\/hu\/wp-json\/wp\/v2\/types\/product"}],"wp:featuredmedia":[{"embeddable":true,"href":"https:\/\/stampcurio.com\/hu\/wp-json\/wp\/v2\/media\/6001"}],"wp:attachment":[{"href":"https:\/\/stampcurio.com\/hu\/wp-json\/wp\/v2\/media?parent=3347"}],"wp:term":[{"taxonomy":"product_brand","embeddable":true,"href":"https:\/\/stampcurio.com\/hu\/wp-json\/wp\/v2\/product_brand?post=3347"},{"taxonomy":"product_cat","embeddable":true,"href":"https:\/\/stampcurio.com\/hu\/wp-json\/wp\/v2\/product_cat?post=3347"},{"taxonomy":"product_tag","embeddable":true,"href":"https:\/\/stampcurio.com\/hu\/wp-json\/wp\/v2\/product_tag?post=3347"}],"curies":[{"name":"wp","href":"https:\/\/api.w.org\/{rel}","templated":true}]}}