{"id":3344,"date":"2023-11-17T21:15:55","date_gmt":"2023-11-17T20:15:55","guid":{"rendered":"http:\/\/stampcurio.com\/?post_type=product&#038;p=3344"},"modified":"2025-12-05T04:12:51","modified_gmt":"2025-12-05T03:12:51","slug":"1864-nagyhoflanyban-feladott-boritek-olaszorszagba-kuldve-15-soldi-belyeggel-attest-raybaudi-ferchenbauer-5-750-eur","status":"publish","type":"product","link":"https:\/\/stampcurio.com\/hu\/termek\/1864-nagyhoflanyban-feladott-boritek-olaszorszagba-kuldve-15-soldi-belyeggel-attest-raybaudi-ferchenbauer-5-750-eur\/","title":{"rendered":"1864 Nagyh\u00f6fl\u00e1nyban feladott bor\u00edt\u00e9k Olaszorsz\u00e1gba k\u00fcldve 15 soldi (!) b\u00e9lyeggel, attest Raybaudi &#8211; Ferchenbauer 5.750 EUR"},"content":{"rendered":"","protected":false},"excerpt":{"rendered":"<p>Magyarorsz\u00e1g ter\u00fclet\u00e9n felhaszn\u00e1lt soldis b\u00e9lyegek rendk\u00edv\u00fcl ritk\u00e1k! A magyar filat\u00e9lia eml\u00edt\u00e9sre m\u00e9lt\u00f3 darabja.<\/p>\n","protected":false},"featured_media":11352,"template":"","meta":[],"product_brand":[],"product_cat":[60,73,86],"product_tag":[1044,176,89],"class_list":{"0":"post-3344","1":"product","2":"type-product","3":"status-publish","4":"has-post-thumbnail","6":"product_cat-ausztria-1st","7":"product_cat-magyarorszag-1st","8":"product_cat-olaszorszag-1st","9":"product_tag-1st-auction-hu","10":"product_tag-philagem","11":"product_tag-postatortenet","12":"pa_catalog_id-433","14":"first","15":"outofstock","16":"sold-individually","17":"shipping-taxable","18":"product-type-simple"},"_links":{"self":[{"href":"https:\/\/stampcurio.com\/hu\/wp-json\/wp\/v2\/product\/3344","targetHints":{"allow":["GET"]}}],"collection":[{"href":"https:\/\/stampcurio.com\/hu\/wp-json\/wp\/v2\/product"}],"about":[{"href":"https:\/\/stampcurio.com\/hu\/wp-json\/wp\/v2\/types\/product"}],"wp:featuredmedia":[{"embeddable":true,"href":"https:\/\/stampcurio.com\/hu\/wp-json\/wp\/v2\/media\/11352"}],"wp:attachment":[{"href":"https:\/\/stampcurio.com\/hu\/wp-json\/wp\/v2\/media?parent=3344"}],"wp:term":[{"taxonomy":"product_brand","embeddable":true,"href":"https:\/\/stampcurio.com\/hu\/wp-json\/wp\/v2\/product_brand?post=3344"},{"taxonomy":"product_cat","embeddable":true,"href":"https:\/\/stampcurio.com\/hu\/wp-json\/wp\/v2\/product_cat?post=3344"},{"taxonomy":"product_tag","embeddable":true,"href":"https:\/\/stampcurio.com\/hu\/wp-json\/wp\/v2\/product_tag?post=3344"}],"curies":[{"name":"wp","href":"https:\/\/api.w.org\/{rel}","templated":true}]}}