{"id":3343,"date":"2023-11-17T21:04:13","date_gmt":"2023-11-17T20:04:13","guid":{"rendered":"http:\/\/stampcurio.com\/?post_type=product&#038;p=3343"},"modified":"2025-12-05T04:12:51","modified_gmt":"2025-12-05T03:12:51","slug":"1865-tapio-szelle-belyegzes-hollandiaba-kuldott-boritekon-510kr-bermentesitessel","status":"publish","type":"product","link":"https:\/\/stampcurio.com\/hu\/termek\/1865-tapio-szelle-belyegzes-hollandiaba-kuldott-boritekon-510kr-bermentesitessel\/","title":{"rendered":"1865 TAPIO SZELLE b\u00e9lyegz\u00e9s Hollandi\u00e1ba k\u00fcld\u00f6tt bor\u00edt\u00e9kon 5+10kr b\u00e9rmentes\u00edt\u00e9ssel"},"content":{"rendered":"","protected":false},"excerpt":{"rendered":"<p>A magyar ter\u00fcletr\u0151l k\u00fclf\u00f6ldre k\u00fcdl\u00f6tt k\u00fcldem\u00e9nyek ritk\u00e1k.<\/p>\n","protected":false},"featured_media":11349,"template":"","meta":[],"product_brand":[],"product_cat":[60,156,73],"product_tag":[1044,1008,176,89],"class_list":{"0":"post-3343","1":"product","2":"type-product","3":"status-publish","4":"has-post-thumbnail","6":"product_cat-ausztria-1st","7":"product_cat-hollandia-1st","8":"product_cat-magyarorszag-1st","9":"product_tag-1st-auction-hu","10":"product_tag-ebay","11":"product_tag-philagem","12":"product_tag-postatortenet","13":"pa_catalog_id-432","15":"first","16":"outofstock","17":"sold-individually","18":"shipping-taxable","19":"product-type-simple"},"_links":{"self":[{"href":"https:\/\/stampcurio.com\/hu\/wp-json\/wp\/v2\/product\/3343","targetHints":{"allow":["GET"]}}],"collection":[{"href":"https:\/\/stampcurio.com\/hu\/wp-json\/wp\/v2\/product"}],"about":[{"href":"https:\/\/stampcurio.com\/hu\/wp-json\/wp\/v2\/types\/product"}],"wp:featuredmedia":[{"embeddable":true,"href":"https:\/\/stampcurio.com\/hu\/wp-json\/wp\/v2\/media\/11349"}],"wp:attachment":[{"href":"https:\/\/stampcurio.com\/hu\/wp-json\/wp\/v2\/media?parent=3343"}],"wp:term":[{"taxonomy":"product_brand","embeddable":true,"href":"https:\/\/stampcurio.com\/hu\/wp-json\/wp\/v2\/product_brand?post=3343"},{"taxonomy":"product_cat","embeddable":true,"href":"https:\/\/stampcurio.com\/hu\/wp-json\/wp\/v2\/product_cat?post=3343"},{"taxonomy":"product_tag","embeddable":true,"href":"https:\/\/stampcurio.com\/hu\/wp-json\/wp\/v2\/product_tag?post=3343"}],"curies":[{"name":"wp","href":"https:\/\/api.w.org\/{rel}","templated":true}]}}