{"id":3341,"date":"2023-11-17T20:56:22","date_gmt":"2023-11-17T19:56:22","guid":{"rendered":"http:\/\/stampcurio.com\/?post_type=product&#038;p=3341"},"modified":"2025-12-05T04:12:51","modified_gmt":"2025-12-05T03:12:51","slug":"1849-pestrol-franciaorszagba-kuldott-portos-level","status":"publish","type":"product","link":"https:\/\/stampcurio.com\/hu\/termek\/1849-pestrol-franciaorszagba-kuldott-portos-level\/","title":{"rendered":"1849 Pestr\u0151l Franciaorsz\u00e1gba k\u00fcld\u00f6tt port\u00f3s lev\u00e9l"},"content":{"rendered":"","protected":false},"excerpt":{"rendered":"","protected":false},"featured_media":3279,"template":"","meta":[],"product_brand":[],"product_cat":[60,122,73],"product_tag":[1044,108,89],"class_list":{"0":"post-3341","1":"product","2":"type-product","3":"status-publish","4":"has-post-thumbnail","6":"product_cat-ausztria-1st","7":"product_cat-franciaorszag-1st","8":"product_cat-magyarorszag-1st","9":"product_tag-1st-auction-hu","10":"product_tag-porto","11":"product_tag-postatortenet","12":"pa_catalog_id-431","14":"first","15":"outofstock","16":"sold-individually","17":"shipping-taxable","18":"product-type-simple"},"_links":{"self":[{"href":"https:\/\/stampcurio.com\/hu\/wp-json\/wp\/v2\/product\/3341","targetHints":{"allow":["GET"]}}],"collection":[{"href":"https:\/\/stampcurio.com\/hu\/wp-json\/wp\/v2\/product"}],"about":[{"href":"https:\/\/stampcurio.com\/hu\/wp-json\/wp\/v2\/types\/product"}],"wp:featuredmedia":[{"embeddable":true,"href":"https:\/\/stampcurio.com\/hu\/wp-json\/wp\/v2\/media\/3279"}],"wp:attachment":[{"href":"https:\/\/stampcurio.com\/hu\/wp-json\/wp\/v2\/media?parent=3341"}],"wp:term":[{"taxonomy":"product_brand","embeddable":true,"href":"https:\/\/stampcurio.com\/hu\/wp-json\/wp\/v2\/product_brand?post=3341"},{"taxonomy":"product_cat","embeddable":true,"href":"https:\/\/stampcurio.com\/hu\/wp-json\/wp\/v2\/product_cat?post=3341"},{"taxonomy":"product_tag","embeddable":true,"href":"https:\/\/stampcurio.com\/hu\/wp-json\/wp\/v2\/product_tag?post=3341"}],"curies":[{"name":"wp","href":"https:\/\/api.w.org\/{rel}","templated":true}]}}