{"id":3338,"date":"2023-11-17T20:45:51","date_gmt":"2023-11-17T19:45:51","guid":{"rendered":"http:\/\/stampcurio.com\/?post_type=product&#038;p=3338"},"modified":"2025-12-05T04:12:52","modified_gmt":"2025-12-05T03:12:52","slug":"1863-ausztria-10-krajcaros-dijjegyes-boritek-pozsonybol-sachsenbe-kuldve-2-ngr-portoval","status":"publish","type":"product","link":"https:\/\/stampcurio.com\/hu\/termek\/1863-ausztria-10-krajcaros-dijjegyes-boritek-pozsonybol-sachsenbe-kuldve-2-ngr-portoval\/","title":{"rendered":"1863 Ausztria 10 krajc\u00e1ros d\u00edjjegyes bor\u00edt\u00e9k Pozsonyb\u00f3l Sachsenbe k\u00fcldve 2 Ngr. port\u00f3val"},"content":{"rendered":"","protected":false},"excerpt":{"rendered":"<p>A 10kr port\u00f3z\u00e1s a hat\u00e1r\u00e1tl\u00e9p\u00e9skor 2 Ngr-re jav\u00edtva. Ritka port\u00f3s &#8220;C&#8221; tipus\u00fa d\u00edjjegyes bor\u00edt\u00e9k.<\/p>\n","protected":false},"featured_media":3270,"template":"","meta":[],"product_brand":[],"product_cat":[60,73,113,193],"product_tag":[1044,74,108,89],"class_list":{"0":"post-3338","1":"product","2":"type-product","3":"status-publish","4":"has-post-thumbnail","6":"product_cat-ausztria-1st","7":"product_cat-magyarorszag-1st","8":"product_cat-nemetorszag-1st","9":"product_cat-szlovakia-1st","10":"product_tag-1st-auction-hu","11":"product_tag-dijjegyes","12":"product_tag-porto","13":"product_tag-postatortenet","14":"pa_catalog_id-430","16":"first","17":"outofstock","18":"sold-individually","19":"shipping-taxable","20":"product-type-simple"},"_links":{"self":[{"href":"https:\/\/stampcurio.com\/hu\/wp-json\/wp\/v2\/product\/3338","targetHints":{"allow":["GET"]}}],"collection":[{"href":"https:\/\/stampcurio.com\/hu\/wp-json\/wp\/v2\/product"}],"about":[{"href":"https:\/\/stampcurio.com\/hu\/wp-json\/wp\/v2\/types\/product"}],"wp:featuredmedia":[{"embeddable":true,"href":"https:\/\/stampcurio.com\/hu\/wp-json\/wp\/v2\/media\/3270"}],"wp:attachment":[{"href":"https:\/\/stampcurio.com\/hu\/wp-json\/wp\/v2\/media?parent=3338"}],"wp:term":[{"taxonomy":"product_brand","embeddable":true,"href":"https:\/\/stampcurio.com\/hu\/wp-json\/wp\/v2\/product_brand?post=3338"},{"taxonomy":"product_cat","embeddable":true,"href":"https:\/\/stampcurio.com\/hu\/wp-json\/wp\/v2\/product_cat?post=3338"},{"taxonomy":"product_tag","embeddable":true,"href":"https:\/\/stampcurio.com\/hu\/wp-json\/wp\/v2\/product_tag?post=3338"}],"curies":[{"name":"wp","href":"https:\/\/api.w.org\/{rel}","templated":true}]}}