{"id":3331,"date":"2023-11-17T20:38:22","date_gmt":"2023-11-17T19:38:22","guid":{"rendered":"http:\/\/stampcurio.com\/?post_type=product&#038;p=3331"},"modified":"2025-12-05T04:12:53","modified_gmt":"2025-12-05T03:12:53","slug":"1903-o-gradiska-szep-ajanlott-holgylevel-szolloindas-diszitessel","status":"publish","type":"product","link":"https:\/\/stampcurio.com\/hu\/termek\/1903-o-gradiska-szep-ajanlott-holgylevel-szolloindas-diszitessel\/","title":{"rendered":"1903 \u00d3-gradiska sz\u00e9p aj\u00e1nlott h\u00f6lgylev\u00e9l sz\u00f6ll\u0151ind\u00e1s d\u00edsz\u00edt\u00e9ssel"},"content":{"rendered":"","protected":false},"excerpt":{"rendered":"","protected":false},"featured_media":3261,"template":"","meta":[],"product_brand":[],"product_cat":[78,73],"product_tag":[1044,89],"class_list":{"0":"post-3331","1":"product","2":"type-product","3":"status-publish","4":"has-post-thumbnail","6":"product_cat-horvatorszag-1st","7":"product_cat-magyarorszag-1st","8":"product_tag-1st-auction-hu","9":"product_tag-postatortenet","10":"pa_catalog_id-429","12":"first","13":"outofstock","14":"sold-individually","15":"shipping-taxable","16":"product-type-simple"},"_links":{"self":[{"href":"https:\/\/stampcurio.com\/hu\/wp-json\/wp\/v2\/product\/3331","targetHints":{"allow":["GET"]}}],"collection":[{"href":"https:\/\/stampcurio.com\/hu\/wp-json\/wp\/v2\/product"}],"about":[{"href":"https:\/\/stampcurio.com\/hu\/wp-json\/wp\/v2\/types\/product"}],"wp:featuredmedia":[{"embeddable":true,"href":"https:\/\/stampcurio.com\/hu\/wp-json\/wp\/v2\/media\/3261"}],"wp:attachment":[{"href":"https:\/\/stampcurio.com\/hu\/wp-json\/wp\/v2\/media?parent=3331"}],"wp:term":[{"taxonomy":"product_brand","embeddable":true,"href":"https:\/\/stampcurio.com\/hu\/wp-json\/wp\/v2\/product_brand?post=3331"},{"taxonomy":"product_cat","embeddable":true,"href":"https:\/\/stampcurio.com\/hu\/wp-json\/wp\/v2\/product_cat?post=3331"},{"taxonomy":"product_tag","embeddable":true,"href":"https:\/\/stampcurio.com\/hu\/wp-json\/wp\/v2\/product_tag?post=3331"}],"curies":[{"name":"wp","href":"https:\/\/api.w.org\/{rel}","templated":true}]}}