{"id":3328,"date":"2023-11-17T20:31:33","date_gmt":"2023-11-17T19:31:33","guid":{"rendered":"http:\/\/stampcurio.com\/?post_type=product&#038;p=3328"},"modified":"2025-12-05T04:12:53","modified_gmt":"2025-12-05T03:12:53","slug":"2004-magyarorszag-40-000-ft-szabalysertesi-penzbirsag-illetekbelyegben-megfizetve","status":"publish","type":"product","link":"https:\/\/stampcurio.com\/hu\/termek\/2004-magyarorszag-40-000-ft-szabalysertesi-penzbirsag-illetekbelyegben-megfizetve\/","title":{"rendered":"2004 Magyarorsz\u00e1g &#8211; 40.000 Ft szab\u00e1lys\u00e9rt\u00e9si p\u00e9nzb\u00edrs\u00e1g illet\u00e9kb\u00e9lyegben megfizetve"},"content":{"rendered":"","protected":false},"excerpt":{"rendered":"<p>Renk\u00edv\u00fcl magas illet\u00e9klerov\u00e1s.<\/p>\n","protected":false},"featured_media":3252,"template":"","meta":[],"product_brand":[],"product_cat":[73],"product_tag":[1044,282,89],"class_list":{"0":"post-3328","1":"product","2":"type-product","3":"status-publish","4":"has-post-thumbnail","6":"product_cat-magyarorszag-1st","7":"product_tag-1st-auction-hu","8":"product_tag-okmanybelyeg","9":"product_tag-postatortenet","10":"pa_catalog_id-428","12":"first","13":"outofstock","14":"sold-individually","15":"shipping-taxable","16":"product-type-simple"},"_links":{"self":[{"href":"https:\/\/stampcurio.com\/hu\/wp-json\/wp\/v2\/product\/3328","targetHints":{"allow":["GET"]}}],"collection":[{"href":"https:\/\/stampcurio.com\/hu\/wp-json\/wp\/v2\/product"}],"about":[{"href":"https:\/\/stampcurio.com\/hu\/wp-json\/wp\/v2\/types\/product"}],"wp:featuredmedia":[{"embeddable":true,"href":"https:\/\/stampcurio.com\/hu\/wp-json\/wp\/v2\/media\/3252"}],"wp:attachment":[{"href":"https:\/\/stampcurio.com\/hu\/wp-json\/wp\/v2\/media?parent=3328"}],"wp:term":[{"taxonomy":"product_brand","embeddable":true,"href":"https:\/\/stampcurio.com\/hu\/wp-json\/wp\/v2\/product_brand?post=3328"},{"taxonomy":"product_cat","embeddable":true,"href":"https:\/\/stampcurio.com\/hu\/wp-json\/wp\/v2\/product_cat?post=3328"},{"taxonomy":"product_tag","embeddable":true,"href":"https:\/\/stampcurio.com\/hu\/wp-json\/wp\/v2\/product_tag?post=3328"}],"curies":[{"name":"wp","href":"https:\/\/api.w.org\/{rel}","templated":true}]}}