{"id":3325,"date":"2023-11-17T20:19:07","date_gmt":"2023-11-17T19:19:07","guid":{"rendered":"http:\/\/stampcurio.com\/?post_type=product&#038;p=3325"},"modified":"2025-12-05T04:12:53","modified_gmt":"2025-12-05T03:12:53","slug":"1891-ausztria-ertekbiztositott-csomagszallito-2-csomag-ertekpapirrol-44kg-46kg-parizsba-elkepeszto-2515-florint-bermentesitessel","status":"publish","type":"product","link":"https:\/\/stampcurio.com\/hu\/termek\/1891-ausztria-ertekbiztositott-csomagszallito-2-csomag-ertekpapirrol-44kg-46kg-parizsba-elkepeszto-2515-florint-bermentesitessel\/","title":{"rendered":"1891 Ausztria &#8211; \u00e9rt\u00e9kbiztos\u00edtott csomagsz\u00e1ll\u00edt\u00f3 2 csomag \u00e9rt\u00e9kpap\u00edrr\u00f3l 44kg + 46kg P\u00e1rizsba &#8211; elk\u00e9peszt\u0151 25,15 (!) Florint b\u00e9rmentes\u00edt\u00e9ssel"},"content":{"rendered":"","protected":false},"excerpt":{"rendered":"<p>Rendk\u00edv\u00fcl magas s\u00faly\u00fa (az \u00f6sszs\u00faly ~90kg) k\u00fclf\u00f6ldre k\u00fcld\u00f6tt sz\u00e1ll\u00edt\u00f3lev\u00e9l, bizonyos hogy a legnagyobb b\u00e9rmentes\u00edt\u00e9sek k\u00f6z\u00e9 tartozik.<br \/>\nRothschild csal\u00e1di c\u00e9g levelez\u00e9s\u00e9b\u0151l.<\/p>\n","protected":false},"featured_media":3243,"template":"","meta":[],"product_brand":[],"product_cat":[60,122],"product_tag":[1044,176,89,157],"class_list":{"0":"post-3325","1":"product","2":"type-product","3":"status-publish","4":"has-post-thumbnail","6":"product_cat-ausztria-1st","7":"product_cat-franciaorszag-1st","8":"product_tag-1st-auction-hu","9":"product_tag-philagem","10":"product_tag-postatortenet","11":"product_tag-szallitolevel","12":"pa_catalog_id-425","14":"first","15":"outofstock","16":"sold-individually","17":"shipping-taxable","18":"product-type-simple"},"_links":{"self":[{"href":"https:\/\/stampcurio.com\/hu\/wp-json\/wp\/v2\/product\/3325","targetHints":{"allow":["GET"]}}],"collection":[{"href":"https:\/\/stampcurio.com\/hu\/wp-json\/wp\/v2\/product"}],"about":[{"href":"https:\/\/stampcurio.com\/hu\/wp-json\/wp\/v2\/types\/product"}],"wp:featuredmedia":[{"embeddable":true,"href":"https:\/\/stampcurio.com\/hu\/wp-json\/wp\/v2\/media\/3243"}],"wp:attachment":[{"href":"https:\/\/stampcurio.com\/hu\/wp-json\/wp\/v2\/media?parent=3325"}],"wp:term":[{"taxonomy":"product_brand","embeddable":true,"href":"https:\/\/stampcurio.com\/hu\/wp-json\/wp\/v2\/product_brand?post=3325"},{"taxonomy":"product_cat","embeddable":true,"href":"https:\/\/stampcurio.com\/hu\/wp-json\/wp\/v2\/product_cat?post=3325"},{"taxonomy":"product_tag","embeddable":true,"href":"https:\/\/stampcurio.com\/hu\/wp-json\/wp\/v2\/product_tag?post=3325"}],"curies":[{"name":"wp","href":"https:\/\/api.w.org\/{rel}","templated":true}]}}