{"id":3324,"date":"2023-11-17T20:11:20","date_gmt":"2023-11-17T19:11:20","guid":{"rendered":"http:\/\/stampcurio.com\/?post_type=product&#038;p=3324"},"modified":"2025-12-05T04:12:54","modified_gmt":"2025-12-05T03:12:54","slug":"1912-monaco-ajanlott-penzeslevel-5500-frankkal-magyarorszagra-kuldve-350f-bermentesitessel","status":"publish","type":"product","link":"https:\/\/stampcurio.com\/hu\/termek\/1912-monaco-ajanlott-penzeslevel-5500-frankkal-magyarorszagra-kuldve-350f-bermentesitessel\/","title":{"rendered":"1912 Monaco &#8211; aj\u00e1nlott p\u00e9nzeslev\u00e9l 5500 frankkal Magyarorsz\u00e1gra k\u00fcldve 3,50F b\u00e9rmentes\u00edt\u00e9ssel"},"content":{"rendered":"","protected":false},"excerpt":{"rendered":"","protected":false},"featured_media":3234,"template":"","meta":[],"product_brand":[],"product_cat":[73,423],"product_tag":[1044,116,424,89],"class_list":{"0":"post-3324","1":"product","2":"type-product","3":"status-publish","4":"has-post-thumbnail","6":"product_cat-magyarorszag-1st","7":"product_cat-monaco-1st","8":"product_tag-1st-auction-hu","9":"product_tag-belyeg","10":"product_tag-penzeslevel","11":"product_tag-postatortenet","12":"pa_catalog_id-422","14":"first","15":"outofstock","16":"sold-individually","17":"shipping-taxable","18":"product-type-simple"},"_links":{"self":[{"href":"https:\/\/stampcurio.com\/hu\/wp-json\/wp\/v2\/product\/3324","targetHints":{"allow":["GET"]}}],"collection":[{"href":"https:\/\/stampcurio.com\/hu\/wp-json\/wp\/v2\/product"}],"about":[{"href":"https:\/\/stampcurio.com\/hu\/wp-json\/wp\/v2\/types\/product"}],"wp:featuredmedia":[{"embeddable":true,"href":"https:\/\/stampcurio.com\/hu\/wp-json\/wp\/v2\/media\/3234"}],"wp:attachment":[{"href":"https:\/\/stampcurio.com\/hu\/wp-json\/wp\/v2\/media?parent=3324"}],"wp:term":[{"taxonomy":"product_brand","embeddable":true,"href":"https:\/\/stampcurio.com\/hu\/wp-json\/wp\/v2\/product_brand?post=3324"},{"taxonomy":"product_cat","embeddable":true,"href":"https:\/\/stampcurio.com\/hu\/wp-json\/wp\/v2\/product_cat?post=3324"},{"taxonomy":"product_tag","embeddable":true,"href":"https:\/\/stampcurio.com\/hu\/wp-json\/wp\/v2\/product_tag?post=3324"}],"curies":[{"name":"wp","href":"https:\/\/api.w.org\/{rel}","templated":true}]}}