{"id":3322,"date":"2023-11-17T20:00:47","date_gmt":"2023-11-17T19:00:47","guid":{"rendered":"http:\/\/stampcurio.com\/?post_type=product&#038;p=3322"},"modified":"2025-12-05T04:12:54","modified_gmt":"2025-12-05T03:12:54","slug":"1910-ausztria-levante-24kg-s-csomag-szallitolevele-elkepesztoen-magas-62-piaster-bermentesiettsel","status":"publish","type":"product","link":"https:\/\/stampcurio.com\/hu\/termek\/1910-ausztria-levante-24kg-s-csomag-szallitolevele-elkepesztoen-magas-62-piaster-bermentesiettsel\/","title":{"rendered":"1910 Ausztria Levante 24kg-s(!) csomag sz\u00e1ll\u00edt\u00f3levele elk\u00e9peszt\u0151en magas 62 piaster b\u00e9rmentes\u00ed\u00e9ttsel"},"content":{"rendered":"","protected":false},"excerpt":{"rendered":"","protected":false},"featured_media":11295,"template":"","meta":[],"product_brand":[],"product_cat":[60,185,107],"product_tag":[1044,116,187,176,89,157],"class_list":{"0":"post-3322","1":"product","2":"type-product","3":"status-publish","4":"has-post-thumbnail","6":"product_cat-ausztria-1st","7":"product_cat-izrael-1st","8":"product_cat-svajc-1st","9":"product_tag-1st-auction-hu","10":"product_tag-belyeg","11":"product_tag-levante","12":"product_tag-philagem","13":"product_tag-postatortenet","14":"product_tag-szallitolevel","15":"pa_catalog_id-421","17":"first","18":"outofstock","19":"sold-individually","20":"shipping-taxable","21":"product-type-simple"},"_links":{"self":[{"href":"https:\/\/stampcurio.com\/hu\/wp-json\/wp\/v2\/product\/3322","targetHints":{"allow":["GET"]}}],"collection":[{"href":"https:\/\/stampcurio.com\/hu\/wp-json\/wp\/v2\/product"}],"about":[{"href":"https:\/\/stampcurio.com\/hu\/wp-json\/wp\/v2\/types\/product"}],"wp:featuredmedia":[{"embeddable":true,"href":"https:\/\/stampcurio.com\/hu\/wp-json\/wp\/v2\/media\/11295"}],"wp:attachment":[{"href":"https:\/\/stampcurio.com\/hu\/wp-json\/wp\/v2\/media?parent=3322"}],"wp:term":[{"taxonomy":"product_brand","embeddable":true,"href":"https:\/\/stampcurio.com\/hu\/wp-json\/wp\/v2\/product_brand?post=3322"},{"taxonomy":"product_cat","embeddable":true,"href":"https:\/\/stampcurio.com\/hu\/wp-json\/wp\/v2\/product_cat?post=3322"},{"taxonomy":"product_tag","embeddable":true,"href":"https:\/\/stampcurio.com\/hu\/wp-json\/wp\/v2\/product_tag?post=3322"}],"curies":[{"name":"wp","href":"https:\/\/api.w.org\/{rel}","templated":true}]}}