{"id":3214,"date":"2023-11-17T16:16:45","date_gmt":"2023-11-17T15:16:45","guid":{"rendered":"http:\/\/stampcurio.com\/?post_type=product&#038;p=3214"},"modified":"2025-12-05T04:12:55","modified_gmt":"2025-12-05T03:12:55","slug":"1927-korai-ajanlott-legiposta-boritek-nemetorszagba-kuldve-piros-budapest-dresden-iranyito-belyegzovel","status":"publish","type":"product","link":"https:\/\/stampcurio.com\/hu\/termek\/1927-korai-ajanlott-legiposta-boritek-nemetorszagba-kuldve-piros-budapest-dresden-iranyito-belyegzovel\/","title":{"rendered":"1927 korai aj\u00e1nlott l\u00e9giposta bor\u00edt\u00e9k N\u00e9metorsz\u00e1gba k\u00fcldve piros BUDAPEST-DRESDEN ir\u00e1ny\u00edt\u00f3 b\u00e9lyegz\u0151vel"},"content":{"rendered":"","protected":false},"excerpt":{"rendered":"","protected":false},"featured_media":11302,"template":"","meta":[],"product_brand":[],"product_cat":[73,113],"product_tag":[1044,115,67,89],"class_list":{"0":"post-3214","1":"product","2":"type-product","3":"status-publish","4":"has-post-thumbnail","6":"product_cat-magyarorszag-1st","7":"product_cat-nemetorszag-1st","8":"product_tag-1st-auction-hu","9":"product_tag-legiposta","10":"product_tag-marcofilatelia","11":"product_tag-postatortenet","12":"pa_catalog_id-420","14":"first","15":"outofstock","16":"sold-individually","17":"shipping-taxable","18":"product-type-simple"},"_links":{"self":[{"href":"https:\/\/stampcurio.com\/hu\/wp-json\/wp\/v2\/product\/3214","targetHints":{"allow":["GET"]}}],"collection":[{"href":"https:\/\/stampcurio.com\/hu\/wp-json\/wp\/v2\/product"}],"about":[{"href":"https:\/\/stampcurio.com\/hu\/wp-json\/wp\/v2\/types\/product"}],"wp:featuredmedia":[{"embeddable":true,"href":"https:\/\/stampcurio.com\/hu\/wp-json\/wp\/v2\/media\/11302"}],"wp:attachment":[{"href":"https:\/\/stampcurio.com\/hu\/wp-json\/wp\/v2\/media?parent=3214"}],"wp:term":[{"taxonomy":"product_brand","embeddable":true,"href":"https:\/\/stampcurio.com\/hu\/wp-json\/wp\/v2\/product_brand?post=3214"},{"taxonomy":"product_cat","embeddable":true,"href":"https:\/\/stampcurio.com\/hu\/wp-json\/wp\/v2\/product_cat?post=3214"},{"taxonomy":"product_tag","embeddable":true,"href":"https:\/\/stampcurio.com\/hu\/wp-json\/wp\/v2\/product_tag?post=3214"}],"curies":[{"name":"wp","href":"https:\/\/api.w.org\/{rel}","templated":true}]}}