{"id":3212,"date":"2023-11-17T16:10:07","date_gmt":"2023-11-17T15:10:07","guid":{"rendered":"http:\/\/stampcurio.com\/?post_type=product&#038;p=3212"},"modified":"2025-12-05T04:12:55","modified_gmt":"2025-12-05T03:12:55","slug":"1927-korai-ajanlott-expressz-legiposta-boritek-ausztriaba-kuldve-piros-budapest-wien-iranyito-belyegzovel","status":"publish","type":"product","link":"https:\/\/stampcurio.com\/hu\/termek\/1927-korai-ajanlott-expressz-legiposta-boritek-ausztriaba-kuldve-piros-budapest-wien-iranyito-belyegzovel\/","title":{"rendered":"1927 korai aj\u00e1nlott expressz l\u00e9giposta bor\u00edt\u00e9k Ausztri\u00e1ba k\u00fcldve piros BUDAPEST-WIEN ir\u00e1ny\u00edt\u00f3 b\u00e9lyegz\u0151vel"},"content":{"rendered":"","protected":false},"excerpt":{"rendered":"","protected":false},"featured_media":3112,"template":"","meta":[],"product_brand":[],"product_cat":[60,73],"product_tag":[1044,1008,115,67,89],"class_list":{"0":"post-3212","1":"product","2":"type-product","3":"status-publish","4":"has-post-thumbnail","6":"product_cat-ausztria-1st","7":"product_cat-magyarorszag-1st","8":"product_tag-1st-auction-hu","9":"product_tag-ebay","10":"product_tag-legiposta","11":"product_tag-marcofilatelia","12":"product_tag-postatortenet","13":"pa_catalog_id-419","15":"first","16":"outofstock","17":"sold-individually","18":"shipping-taxable","19":"product-type-simple"},"_links":{"self":[{"href":"https:\/\/stampcurio.com\/hu\/wp-json\/wp\/v2\/product\/3212","targetHints":{"allow":["GET"]}}],"collection":[{"href":"https:\/\/stampcurio.com\/hu\/wp-json\/wp\/v2\/product"}],"about":[{"href":"https:\/\/stampcurio.com\/hu\/wp-json\/wp\/v2\/types\/product"}],"wp:featuredmedia":[{"embeddable":true,"href":"https:\/\/stampcurio.com\/hu\/wp-json\/wp\/v2\/media\/3112"}],"wp:attachment":[{"href":"https:\/\/stampcurio.com\/hu\/wp-json\/wp\/v2\/media?parent=3212"}],"wp:term":[{"taxonomy":"product_brand","embeddable":true,"href":"https:\/\/stampcurio.com\/hu\/wp-json\/wp\/v2\/product_brand?post=3212"},{"taxonomy":"product_cat","embeddable":true,"href":"https:\/\/stampcurio.com\/hu\/wp-json\/wp\/v2\/product_cat?post=3212"},{"taxonomy":"product_tag","embeddable":true,"href":"https:\/\/stampcurio.com\/hu\/wp-json\/wp\/v2\/product_tag?post=3212"}],"curies":[{"name":"wp","href":"https:\/\/api.w.org\/{rel}","templated":true}]}}