{"id":3208,"date":"2023-11-17T15:58:45","date_gmt":"2023-11-17T14:58:45","guid":{"rendered":"http:\/\/stampcurio.com\/?post_type=product&#038;p=3208"},"modified":"2025-12-05T04:12:56","modified_gmt":"2025-12-05T03:12:56","slug":"1938-nemzetkoti-vasar-alkalmi-levelezesi-lap-romaniaba-kuldve-levelzaroval-budapest-arad-elso-legiposta-jarat","status":"publish","type":"product","link":"https:\/\/stampcurio.com\/hu\/termek\/1938-nemzetkoti-vasar-alkalmi-levelezesi-lap-romaniaba-kuldve-levelzaroval-budapest-arad-elso-legiposta-jarat\/","title":{"rendered":"1938 Nemzetk\u00f6ti V\u00e1s\u00e1r alkalmi levelez\u00e9si lap Rom\u00e1ni\u00e1ba k\u00fcldve lev\u00e9lz\u00e1r\u00f3val, Budapest &#8211; Arad els\u0151 l\u00e9giposta j\u00e1rat"},"content":{"rendered":"","protected":false},"excerpt":{"rendered":"","protected":false},"featured_media":11308,"template":"","meta":[],"product_brand":[],"product_cat":[73,105],"product_tag":[1044,115,194,89],"class_list":{"0":"post-3208","1":"product","2":"type-product","3":"status-publish","4":"has-post-thumbnail","6":"product_cat-magyarorszag-1st","7":"product_cat-romania-1st","8":"product_tag-1st-auction-hu","9":"product_tag-legiposta","10":"product_tag-levelzaro","11":"product_tag-postatortenet","12":"pa_catalog_id-417","14":"first","15":"outofstock","16":"sold-individually","17":"shipping-taxable","18":"product-type-simple"},"_links":{"self":[{"href":"https:\/\/stampcurio.com\/hu\/wp-json\/wp\/v2\/product\/3208","targetHints":{"allow":["GET"]}}],"collection":[{"href":"https:\/\/stampcurio.com\/hu\/wp-json\/wp\/v2\/product"}],"about":[{"href":"https:\/\/stampcurio.com\/hu\/wp-json\/wp\/v2\/types\/product"}],"wp:featuredmedia":[{"embeddable":true,"href":"https:\/\/stampcurio.com\/hu\/wp-json\/wp\/v2\/media\/11308"}],"wp:attachment":[{"href":"https:\/\/stampcurio.com\/hu\/wp-json\/wp\/v2\/media?parent=3208"}],"wp:term":[{"taxonomy":"product_brand","embeddable":true,"href":"https:\/\/stampcurio.com\/hu\/wp-json\/wp\/v2\/product_brand?post=3208"},{"taxonomy":"product_cat","embeddable":true,"href":"https:\/\/stampcurio.com\/hu\/wp-json\/wp\/v2\/product_cat?post=3208"},{"taxonomy":"product_tag","embeddable":true,"href":"https:\/\/stampcurio.com\/hu\/wp-json\/wp\/v2\/product_tag?post=3208"}],"curies":[{"name":"wp","href":"https:\/\/api.w.org\/{rel}","templated":true}]}}