{"id":3205,"date":"2023-11-17T15:51:15","date_gmt":"2023-11-17T14:51:15","guid":{"rendered":"http:\/\/stampcurio.com\/?post_type=product&#038;p=3205"},"modified":"2025-12-05T04:12:56","modified_gmt":"2025-12-05T03:12:56","slug":"1915-olaszorszag-szallitolevel-csokoladet-tartalmazo-japanba-kuldott-csomagrol","status":"publish","type":"product","link":"https:\/\/stampcurio.com\/hu\/termek\/1915-olaszorszag-szallitolevel-csokoladet-tartalmazo-japanba-kuldott-csomagrol\/","title":{"rendered":"1915 Olaszorsz\u00e1g &#8211; sz\u00e1ll\u00edt\u00f3lev\u00e9l csokol\u00e1d\u00e9t tartalmaz\u00f3 Jap\u00e1nba k\u00fcld\u00f6tt csomagr\u00f3l"},"content":{"rendered":"","protected":false},"excerpt":{"rendered":"<p>Ausztri\u00e1n \u00e9s Oroszorsz\u00e1gon kereszt\u00fcl k\u00fcld\u00f6tt k\u00fcldem\u00e9ny.<br \/>\nP\u00e1r b\u00e9lyeg s\u00e9r\u00fclt.<\/p>\n","protected":false},"featured_media":11311,"template":"","meta":[],"product_brand":[],"product_cat":[348,86],"product_tag":[1044,116,127,176,89,157],"class_list":{"0":"post-3205","1":"product","2":"type-product","3":"status-publish","4":"has-post-thumbnail","6":"product_cat-japan-1st","7":"product_cat-olaszorszag-1st","8":"product_tag-1st-auction-hu","9":"product_tag-belyeg","10":"product_tag-konzulatusi-posta","11":"product_tag-philagem","12":"product_tag-postatortenet","13":"product_tag-szallitolevel","14":"pa_catalog_id-416","16":"first","17":"outofstock","18":"sold-individually","19":"shipping-taxable","20":"product-type-simple"},"_links":{"self":[{"href":"https:\/\/stampcurio.com\/hu\/wp-json\/wp\/v2\/product\/3205","targetHints":{"allow":["GET"]}}],"collection":[{"href":"https:\/\/stampcurio.com\/hu\/wp-json\/wp\/v2\/product"}],"about":[{"href":"https:\/\/stampcurio.com\/hu\/wp-json\/wp\/v2\/types\/product"}],"wp:featuredmedia":[{"embeddable":true,"href":"https:\/\/stampcurio.com\/hu\/wp-json\/wp\/v2\/media\/11311"}],"wp:attachment":[{"href":"https:\/\/stampcurio.com\/hu\/wp-json\/wp\/v2\/media?parent=3205"}],"wp:term":[{"taxonomy":"product_brand","embeddable":true,"href":"https:\/\/stampcurio.com\/hu\/wp-json\/wp\/v2\/product_brand?post=3205"},{"taxonomy":"product_cat","embeddable":true,"href":"https:\/\/stampcurio.com\/hu\/wp-json\/wp\/v2\/product_cat?post=3205"},{"taxonomy":"product_tag","embeddable":true,"href":"https:\/\/stampcurio.com\/hu\/wp-json\/wp\/v2\/product_tag?post=3205"}],"curies":[{"name":"wp","href":"https:\/\/api.w.org\/{rel}","templated":true}]}}