{"id":3203,"date":"2023-11-17T15:45:42","date_gmt":"2023-11-17T14:45:42","guid":{"rendered":"http:\/\/stampcurio.com\/?post_type=product&#038;p=3203"},"modified":"2025-12-05T04:12:57","modified_gmt":"2025-12-05T03:12:57","slug":"1910-dijjegyes-lap-ausztriaba-kuldve-majd-40-evvel-kesobb-portozva-es-kezbesitve-cenzura-belyegzo-meglepo-darab","status":"publish","type":"product","link":"https:\/\/stampcurio.com\/hu\/termek\/1910-dijjegyes-lap-ausztriaba-kuldve-majd-40-evvel-kesobb-portozva-es-kezbesitve-cenzura-belyegzo-meglepo-darab\/","title":{"rendered":"1910 d\u00edjjegyes lap Ausztri\u00e1ba k\u00fcldve, majd 40 \u00e9vvel k\u00e9s\u0151bb port\u00f3zva \u00e9s k\u00e9zbes\u00edtve + cenz\u00fara b\u00e9lyegz\u0151 &#8211; meglep\u0151 darab!"},"content":{"rendered":"","protected":false},"excerpt":{"rendered":"","protected":false},"featured_media":11314,"template":"","meta":[],"product_brand":[],"product_cat":[60,73],"product_tag":[1044,233,74,1008,176,108,89],"class_list":{"0":"post-3203","1":"product","2":"type-product","3":"status-publish","4":"has-post-thumbnail","6":"product_cat-ausztria-1st","7":"product_cat-magyarorszag-1st","8":"product_tag-1st-auction-hu","9":"product_tag-cenzura","10":"product_tag-dijjegyes","11":"product_tag-ebay","12":"product_tag-philagem","13":"product_tag-porto","14":"product_tag-postatortenet","15":"pa_catalog_id-415","17":"first","18":"outofstock","19":"sold-individually","20":"shipping-taxable","21":"product-type-simple"},"_links":{"self":[{"href":"https:\/\/stampcurio.com\/hu\/wp-json\/wp\/v2\/product\/3203","targetHints":{"allow":["GET"]}}],"collection":[{"href":"https:\/\/stampcurio.com\/hu\/wp-json\/wp\/v2\/product"}],"about":[{"href":"https:\/\/stampcurio.com\/hu\/wp-json\/wp\/v2\/types\/product"}],"wp:featuredmedia":[{"embeddable":true,"href":"https:\/\/stampcurio.com\/hu\/wp-json\/wp\/v2\/media\/11314"}],"wp:attachment":[{"href":"https:\/\/stampcurio.com\/hu\/wp-json\/wp\/v2\/media?parent=3203"}],"wp:term":[{"taxonomy":"product_brand","embeddable":true,"href":"https:\/\/stampcurio.com\/hu\/wp-json\/wp\/v2\/product_brand?post=3203"},{"taxonomy":"product_cat","embeddable":true,"href":"https:\/\/stampcurio.com\/hu\/wp-json\/wp\/v2\/product_cat?post=3203"},{"taxonomy":"product_tag","embeddable":true,"href":"https:\/\/stampcurio.com\/hu\/wp-json\/wp\/v2\/product_tag?post=3203"}],"curies":[{"name":"wp","href":"https:\/\/api.w.org\/{rel}","templated":true}]}}