{"id":3201,"date":"2023-11-17T15:39:20","date_gmt":"2023-11-17T14:39:20","guid":{"rendered":"http:\/\/stampcurio.com\/?post_type=product&#038;p=3201"},"modified":"2025-12-05T04:12:57","modified_gmt":"2025-12-05T03:12:57","slug":"1933-gerle-foldkozi-tengeri-korrepules-orani-megallas-levelezesi-lap-levelzaroval-a-cimzett-bisits-a-gep-pilotaja","status":"publish","type":"product","link":"https:\/\/stampcurio.com\/hu\/termek\/1933-gerle-foldkozi-tengeri-korrepules-orani-megallas-levelezesi-lap-levelzaroval-a-cimzett-bisits-a-gep-pilotaja\/","title":{"rendered":"1933 Gerle F\u00f6ldk\u00f6zi tengeri k\u00f6rrep\u00fcl\u00e9s Orani meg\u00e1ll\u00e1s levelez\u00e9si lap lev\u00e9lz\u00e1r\u00f3val  &#8211; a c\u00edmzett Bisits a g\u00e9p pil\u00f3t\u00e1ja"},"content":{"rendered":"","protected":false},"excerpt":{"rendered":"","protected":false},"featured_media":11317,"template":"","meta":[],"product_brand":[],"product_cat":[73],"product_tag":[1044,115,194,67,89],"class_list":{"0":"post-3201","1":"product","2":"type-product","3":"status-publish","4":"has-post-thumbnail","6":"product_cat-magyarorszag-1st","7":"product_tag-1st-auction-hu","8":"product_tag-legiposta","9":"product_tag-levelzaro","10":"product_tag-marcofilatelia","11":"product_tag-postatortenet","12":"pa_catalog_id-414","14":"first","15":"outofstock","16":"sold-individually","17":"shipping-taxable","18":"product-type-simple"},"_links":{"self":[{"href":"https:\/\/stampcurio.com\/hu\/wp-json\/wp\/v2\/product\/3201","targetHints":{"allow":["GET"]}}],"collection":[{"href":"https:\/\/stampcurio.com\/hu\/wp-json\/wp\/v2\/product"}],"about":[{"href":"https:\/\/stampcurio.com\/hu\/wp-json\/wp\/v2\/types\/product"}],"wp:featuredmedia":[{"embeddable":true,"href":"https:\/\/stampcurio.com\/hu\/wp-json\/wp\/v2\/media\/11317"}],"wp:attachment":[{"href":"https:\/\/stampcurio.com\/hu\/wp-json\/wp\/v2\/media?parent=3201"}],"wp:term":[{"taxonomy":"product_brand","embeddable":true,"href":"https:\/\/stampcurio.com\/hu\/wp-json\/wp\/v2\/product_brand?post=3201"},{"taxonomy":"product_cat","embeddable":true,"href":"https:\/\/stampcurio.com\/hu\/wp-json\/wp\/v2\/product_cat?post=3201"},{"taxonomy":"product_tag","embeddable":true,"href":"https:\/\/stampcurio.com\/hu\/wp-json\/wp\/v2\/product_tag?post=3201"}],"curies":[{"name":"wp","href":"https:\/\/api.w.org\/{rel}","templated":true}]}}