{"id":3199,"date":"2023-11-17T14:26:36","date_gmt":"2023-11-17T13:26:36","guid":{"rendered":"http:\/\/stampcurio.com\/?post_type=product&#038;p=3199"},"modified":"2025-12-05T04:12:57","modified_gmt":"2025-12-05T03:12:57","slug":"1933-gerle-foldkozi-tengeri-korrepules-gorogorszagi-megallas-elkesett-level-postan-tovabbitva","status":"publish","type":"product","link":"https:\/\/stampcurio.com\/hu\/termek\/1933-gerle-foldkozi-tengeri-korrepules-gorogorszagi-megallas-elkesett-level-postan-tovabbitva\/","title":{"rendered":"1933 Gerle F\u00f6ldk\u00f6zi tengeri k\u00f6rrep\u00fcl\u00e9s g\u00f6r\u00f6gorsz\u00e1gi meg\u00e1ll\u00e1s &#8211; elk\u00e9sett lev\u00e9l post\u00e1n tov\u00e1bb\u00edtva"},"content":{"rendered":"","protected":false},"excerpt":{"rendered":"<p>&#8220;Remis \u00e0 la poste apr\u00e9s le d\u00e9part de avion Gerle&#8221; b\u00e9lyegz\u0151vel.<\/p>\n","protected":false},"featured_media":11320,"template":"","meta":[],"product_brand":[],"product_cat":[285,73],"product_tag":[1044,115,89],"class_list":{"0":"post-3199","1":"product","2":"type-product","3":"status-publish","4":"has-post-thumbnail","6":"product_cat-gorogorszag-1st","7":"product_cat-magyarorszag-1st","8":"product_tag-1st-auction-hu","9":"product_tag-legiposta","10":"product_tag-postatortenet","11":"pa_catalog_id-413","13":"first","14":"outofstock","15":"sold-individually","16":"shipping-taxable","17":"product-type-simple"},"_links":{"self":[{"href":"https:\/\/stampcurio.com\/hu\/wp-json\/wp\/v2\/product\/3199","targetHints":{"allow":["GET"]}}],"collection":[{"href":"https:\/\/stampcurio.com\/hu\/wp-json\/wp\/v2\/product"}],"about":[{"href":"https:\/\/stampcurio.com\/hu\/wp-json\/wp\/v2\/types\/product"}],"wp:featuredmedia":[{"embeddable":true,"href":"https:\/\/stampcurio.com\/hu\/wp-json\/wp\/v2\/media\/11320"}],"wp:attachment":[{"href":"https:\/\/stampcurio.com\/hu\/wp-json\/wp\/v2\/media?parent=3199"}],"wp:term":[{"taxonomy":"product_brand","embeddable":true,"href":"https:\/\/stampcurio.com\/hu\/wp-json\/wp\/v2\/product_brand?post=3199"},{"taxonomy":"product_cat","embeddable":true,"href":"https:\/\/stampcurio.com\/hu\/wp-json\/wp\/v2\/product_cat?post=3199"},{"taxonomy":"product_tag","embeddable":true,"href":"https:\/\/stampcurio.com\/hu\/wp-json\/wp\/v2\/product_tag?post=3199"}],"curies":[{"name":"wp","href":"https:\/\/api.w.org\/{rel}","templated":true}]}}