{"id":3197,"date":"2023-11-17T14:19:42","date_gmt":"2023-11-17T13:19:42","guid":{"rendered":"http:\/\/stampcurio.com\/?post_type=product&#038;p=3197"},"modified":"2025-12-05T04:12:58","modified_gmt":"2025-12-05T03:12:58","slug":"1861-ausztria-komplett-cimszallag-gyongyosre-kuldve-hirlapbelyeggel-ferchenbauer-575-eur","status":"publish","type":"product","link":"https:\/\/stampcurio.com\/hu\/termek\/1861-ausztria-komplett-cimszallag-gyongyosre-kuldve-hirlapbelyeggel-ferchenbauer-575-eur\/","title":{"rendered":"1861 Ausztria &#8211; komplett c\u00edmszallag Gy\u00f6ngy\u00f6sre k\u00fcldve h\u00edrlapb\u00e9lyeggel &#8211; Ferchenbauer 575 EUR"},"content":{"rendered":"","protected":false},"excerpt":{"rendered":"","protected":false},"featured_media":11323,"template":"","meta":[],"product_brand":[],"product_cat":[60,73],"product_tag":[1044,116,259,1008,89],"class_list":{"0":"post-3197","1":"product","2":"type-product","3":"status-publish","4":"has-post-thumbnail","6":"product_cat-ausztria-1st","7":"product_cat-magyarorszag-1st","8":"product_tag-1st-auction-hu","9":"product_tag-belyeg","10":"product_tag-cimszalag","11":"product_tag-ebay","12":"product_tag-postatortenet","13":"pa_catalog_id-412","15":"first","16":"outofstock","17":"sold-individually","18":"shipping-taxable","19":"product-type-simple"},"_links":{"self":[{"href":"https:\/\/stampcurio.com\/hu\/wp-json\/wp\/v2\/product\/3197","targetHints":{"allow":["GET"]}}],"collection":[{"href":"https:\/\/stampcurio.com\/hu\/wp-json\/wp\/v2\/product"}],"about":[{"href":"https:\/\/stampcurio.com\/hu\/wp-json\/wp\/v2\/types\/product"}],"wp:featuredmedia":[{"embeddable":true,"href":"https:\/\/stampcurio.com\/hu\/wp-json\/wp\/v2\/media\/11323"}],"wp:attachment":[{"href":"https:\/\/stampcurio.com\/hu\/wp-json\/wp\/v2\/media?parent=3197"}],"wp:term":[{"taxonomy":"product_brand","embeddable":true,"href":"https:\/\/stampcurio.com\/hu\/wp-json\/wp\/v2\/product_brand?post=3197"},{"taxonomy":"product_cat","embeddable":true,"href":"https:\/\/stampcurio.com\/hu\/wp-json\/wp\/v2\/product_cat?post=3197"},{"taxonomy":"product_tag","embeddable":true,"href":"https:\/\/stampcurio.com\/hu\/wp-json\/wp\/v2\/product_tag?post=3197"}],"curies":[{"name":"wp","href":"https:\/\/api.w.org\/{rel}","templated":true}]}}