{"id":3194,"date":"2023-11-17T14:11:38","date_gmt":"2023-11-17T13:11:38","guid":{"rendered":"http:\/\/stampcurio.com\/?post_type=product&#038;p=3194"},"modified":"2025-12-05T04:12:58","modified_gmt":"2025-12-05T03:12:58","slug":"1900-magyarorszag-richter-level-felezett-10f-turul-belyeggel","status":"publish","type":"product","link":"https:\/\/stampcurio.com\/hu\/termek\/1900-magyarorszag-richter-level-felezett-10f-turul-belyeggel\/","title":{"rendered":"1900 Magyarorsz\u00e1g &#8211; Richter lev\u00e9l felezett 10f turul b\u00e9lyeggel"},"content":{"rendered":"","protected":false},"excerpt":{"rendered":"","protected":false},"featured_media":11326,"template":"","meta":[],"product_brand":[],"product_cat":[73],"product_tag":[1044,116,89],"class_list":{"0":"post-3194","1":"product","2":"type-product","3":"status-publish","4":"has-post-thumbnail","6":"product_cat-magyarorszag-1st","7":"product_tag-1st-auction-hu","8":"product_tag-belyeg","9":"product_tag-postatortenet","10":"pa_catalog_id-411","12":"first","13":"outofstock","14":"sold-individually","15":"shipping-taxable","16":"product-type-simple"},"_links":{"self":[{"href":"https:\/\/stampcurio.com\/hu\/wp-json\/wp\/v2\/product\/3194","targetHints":{"allow":["GET"]}}],"collection":[{"href":"https:\/\/stampcurio.com\/hu\/wp-json\/wp\/v2\/product"}],"about":[{"href":"https:\/\/stampcurio.com\/hu\/wp-json\/wp\/v2\/types\/product"}],"wp:featuredmedia":[{"embeddable":true,"href":"https:\/\/stampcurio.com\/hu\/wp-json\/wp\/v2\/media\/11326"}],"wp:attachment":[{"href":"https:\/\/stampcurio.com\/hu\/wp-json\/wp\/v2\/media?parent=3194"}],"wp:term":[{"taxonomy":"product_brand","embeddable":true,"href":"https:\/\/stampcurio.com\/hu\/wp-json\/wp\/v2\/product_brand?post=3194"},{"taxonomy":"product_cat","embeddable":true,"href":"https:\/\/stampcurio.com\/hu\/wp-json\/wp\/v2\/product_cat?post=3194"},{"taxonomy":"product_tag","embeddable":true,"href":"https:\/\/stampcurio.com\/hu\/wp-json\/wp\/v2\/product_tag?post=3194"}],"curies":[{"name":"wp","href":"https:\/\/api.w.org\/{rel}","templated":true}]}}