{"id":3193,"date":"2023-11-17T14:07:31","date_gmt":"2023-11-17T13:07:31","guid":{"rendered":"http:\/\/stampcurio.com\/?post_type=product&#038;p=3193"},"modified":"2025-12-05T04:12:59","modified_gmt":"2025-12-05T03:12:59","slug":"1954-ndk-oteves-terv-50-60-felulnyomott-belyeg-provizorium-parban-szallitolevelen-hasznaltan-ritka","status":"publish","type":"product","link":"https:\/\/stampcurio.com\/hu\/termek\/1954-ndk-oteves-terv-50-60-felulnyomott-belyeg-provizorium-parban-szallitolevelen-hasznaltan-ritka\/","title":{"rendered":"1954 NDK \u00f6t\u00e9ves terv 50\/60 fel\u00fclnyomott b\u00e9lyeg proviz\u00f3rium p\u00e1rban sz\u00e1ll\u00edt\u00f3lev\u00e9len &#8211; haszn\u00e1ltan ritka"},"content":{"rendered":"","protected":false},"excerpt":{"rendered":"<p>A haszn\u00e1lt b\u00e9lyegp\u00e1r katal\u00f3gus \u00e1ra 200+ EUR.<\/p>\n","protected":false},"featured_media":3037,"template":"","meta":[],"product_brand":[],"product_cat":[113],"product_tag":[1044,116,89,256,157],"class_list":{"0":"post-3193","1":"product","2":"type-product","3":"status-publish","4":"has-post-thumbnail","6":"product_cat-nemetorszag-1st","7":"product_tag-1st-auction-hu","8":"product_tag-belyeg","9":"product_tag-postatortenet","10":"product_tag-provizorium","11":"product_tag-szallitolevel","12":"pa_catalog_id-410","14":"first","15":"outofstock","16":"sold-individually","17":"shipping-taxable","18":"product-type-simple"},"_links":{"self":[{"href":"https:\/\/stampcurio.com\/hu\/wp-json\/wp\/v2\/product\/3193","targetHints":{"allow":["GET"]}}],"collection":[{"href":"https:\/\/stampcurio.com\/hu\/wp-json\/wp\/v2\/product"}],"about":[{"href":"https:\/\/stampcurio.com\/hu\/wp-json\/wp\/v2\/types\/product"}],"wp:featuredmedia":[{"embeddable":true,"href":"https:\/\/stampcurio.com\/hu\/wp-json\/wp\/v2\/media\/3037"}],"wp:attachment":[{"href":"https:\/\/stampcurio.com\/hu\/wp-json\/wp\/v2\/media?parent=3193"}],"wp:term":[{"taxonomy":"product_brand","embeddable":true,"href":"https:\/\/stampcurio.com\/hu\/wp-json\/wp\/v2\/product_brand?post=3193"},{"taxonomy":"product_cat","embeddable":true,"href":"https:\/\/stampcurio.com\/hu\/wp-json\/wp\/v2\/product_cat?post=3193"},{"taxonomy":"product_tag","embeddable":true,"href":"https:\/\/stampcurio.com\/hu\/wp-json\/wp\/v2\/product_tag?post=3193"}],"curies":[{"name":"wp","href":"https:\/\/api.w.org\/{rel}","templated":true}]}}