{"id":3191,"date":"2023-11-17T13:45:27","date_gmt":"2023-11-17T12:45:27","guid":{"rendered":"http:\/\/stampcurio.com\/?post_type=product&#038;p=3191"},"modified":"2025-12-05T04:12:59","modified_gmt":"2025-12-05T03:12:59","slug":"1942-pleskau-ajanlott-levelezesi-lap-felulnyomott-szovjet-dijjegyes-levelezesi-lap-6040-kop-kiegeszitessel","status":"publish","type":"product","link":"https:\/\/stampcurio.com\/hu\/termek\/1942-pleskau-ajanlott-levelezesi-lap-felulnyomott-szovjet-dijjegyes-levelezesi-lap-6040-kop-kiegeszitessel\/","title":{"rendered":"1942 PLESKAU aj\u00e1nlott levelez\u00e9si lap &#8211; fel\u00fclnyomott szovjet d\u00edjjegyes levelez\u00e9si lap 60+40 Kop kieg\u00e9sz\u00edt\u00e9ssel"},"content":{"rendered":"","protected":false},"excerpt":{"rendered":"<p>A n\u00e9met megsz\u00e1ll\u00e1s idej\u00e9b\u0151l.<\/p>\n","protected":false},"featured_media":11329,"template":"","meta":[],"product_brand":[],"product_cat":[113,124],"product_tag":[1044,116,89,256],"class_list":{"0":"post-3191","1":"product","2":"type-product","3":"status-publish","4":"has-post-thumbnail","6":"product_cat-nemetorszag-1st","7":"product_cat-oroszorszag-1st","8":"product_tag-1st-auction-hu","9":"product_tag-belyeg","10":"product_tag-postatortenet","11":"product_tag-provizorium","12":"pa_catalog_id-409","14":"first","15":"outofstock","16":"sold-individually","17":"shipping-taxable","18":"product-type-simple"},"_links":{"self":[{"href":"https:\/\/stampcurio.com\/hu\/wp-json\/wp\/v2\/product\/3191","targetHints":{"allow":["GET"]}}],"collection":[{"href":"https:\/\/stampcurio.com\/hu\/wp-json\/wp\/v2\/product"}],"about":[{"href":"https:\/\/stampcurio.com\/hu\/wp-json\/wp\/v2\/types\/product"}],"wp:featuredmedia":[{"embeddable":true,"href":"https:\/\/stampcurio.com\/hu\/wp-json\/wp\/v2\/media\/11329"}],"wp:attachment":[{"href":"https:\/\/stampcurio.com\/hu\/wp-json\/wp\/v2\/media?parent=3191"}],"wp:term":[{"taxonomy":"product_brand","embeddable":true,"href":"https:\/\/stampcurio.com\/hu\/wp-json\/wp\/v2\/product_brand?post=3191"},{"taxonomy":"product_cat","embeddable":true,"href":"https:\/\/stampcurio.com\/hu\/wp-json\/wp\/v2\/product_cat?post=3191"},{"taxonomy":"product_tag","embeddable":true,"href":"https:\/\/stampcurio.com\/hu\/wp-json\/wp\/v2\/product_tag?post=3191"}],"curies":[{"name":"wp","href":"https:\/\/api.w.org\/{rel}","templated":true}]}}