{"id":3180,"date":"2023-11-17T10:34:26","date_gmt":"2023-11-17T09:34:26","guid":{"rendered":"http:\/\/stampcurio.com\/?post_type=product&#038;p=3180"},"modified":"2025-12-05T04:13:00","modified_gmt":"2025-12-05T03:13:00","slug":"1955-munka-10ft-tarifahelyes-ajanlott-legiposta-boritekon-az-egyesult-allamokba-a-belyeg-ritka-felhasznalasa","status":"publish","type":"product","link":"https:\/\/stampcurio.com\/hu\/termek\/1955-munka-10ft-tarifahelyes-ajanlott-legiposta-boritekon-az-egyesult-allamokba-a-belyeg-ritka-felhasznalasa\/","title":{"rendered":"1955 munka 10ft tarifahelyes aj\u00e1nlott l\u00e9giposta bor\u00edt\u00e9kon az Egyes\u00fclt \u00c1llamokba &#8211; a b\u00e9lyeg ritka felhaszn\u00e1l\u00e1sa"},"content":{"rendered":"","protected":false},"excerpt":{"rendered":"","protected":false},"featured_media":11299,"template":"","meta":[],"product_brand":[],"product_cat":[298,73],"product_tag":[1044,116,115,89],"class_list":{"0":"post-3180","1":"product","2":"type-product","3":"status-publish","4":"has-post-thumbnail","6":"product_cat-egyesult-allamok-1st","7":"product_cat-magyarorszag-1st","8":"product_tag-1st-auction-hu","9":"product_tag-belyeg","10":"product_tag-legiposta","11":"product_tag-postatortenet","12":"pa_catalog_id-407","14":"first","15":"outofstock","16":"sold-individually","17":"shipping-taxable","18":"product-type-simple"},"_links":{"self":[{"href":"https:\/\/stampcurio.com\/hu\/wp-json\/wp\/v2\/product\/3180","targetHints":{"allow":["GET"]}}],"collection":[{"href":"https:\/\/stampcurio.com\/hu\/wp-json\/wp\/v2\/product"}],"about":[{"href":"https:\/\/stampcurio.com\/hu\/wp-json\/wp\/v2\/types\/product"}],"wp:featuredmedia":[{"embeddable":true,"href":"https:\/\/stampcurio.com\/hu\/wp-json\/wp\/v2\/media\/11299"}],"wp:attachment":[{"href":"https:\/\/stampcurio.com\/hu\/wp-json\/wp\/v2\/media?parent=3180"}],"wp:term":[{"taxonomy":"product_brand","embeddable":true,"href":"https:\/\/stampcurio.com\/hu\/wp-json\/wp\/v2\/product_brand?post=3180"},{"taxonomy":"product_cat","embeddable":true,"href":"https:\/\/stampcurio.com\/hu\/wp-json\/wp\/v2\/product_cat?post=3180"},{"taxonomy":"product_tag","embeddable":true,"href":"https:\/\/stampcurio.com\/hu\/wp-json\/wp\/v2\/product_tag?post=3180"}],"curies":[{"name":"wp","href":"https:\/\/api.w.org\/{rel}","templated":true}]}}