{"id":3177,"date":"2023-11-17T10:16:24","date_gmt":"2023-11-17T09:16:24","guid":{"rendered":"http:\/\/stampcurio.com\/?post_type=product&#038;p=3177"},"modified":"2025-12-05T04:13:00","modified_gmt":"2025-12-05T03:13:00","slug":"1945-aprilis-20-ritka-perfin-felhasznalas-a-postai-interregnum-idoszakabol-kispestrol-de-meg-az-1943-s-tarifa-szerint-ajanlasi-ragjegy-provizorium","status":"publish","type":"product","link":"https:\/\/stampcurio.com\/hu\/termek\/1945-aprilis-20-ritka-perfin-felhasznalas-a-postai-interregnum-idoszakabol-kispestrol-de-meg-az-1943-s-tarifa-szerint-ajanlasi-ragjegy-provizorium\/","title":{"rendered":"1945. \u00e1prilis 20. ritka perfin felhaszn\u00e1l\u00e1s a postai interregnum id\u0151szak\u00e1b\u00f3l Kispestr\u0151l DE m\u00e9g az 1943-s tarifa szerint &#8211; aj\u00e1nl\u00e1si ragjegy proviz\u00f3rium"},"content":{"rendered":"","protected":false},"excerpt":{"rendered":"","protected":false},"featured_media":3001,"template":"","meta":[],"product_brand":[],"product_cat":[73],"product_tag":[279,1044,1008,230,256,405],"class_list":{"0":"post-3177","1":"product","2":"type-product","3":"status-publish","4":"has-post-thumbnail","6":"product_cat-magyarorszag-1st","7":"product_tag-1944-45","8":"product_tag-1st-auction-hu","9":"product_tag-ebay","10":"product_tag-perfin","11":"product_tag-provizorium","12":"product_tag-ragjegy","13":"pa_catalog_id-404","15":"first","16":"outofstock","17":"sold-individually","18":"shipping-taxable","19":"product-type-simple"},"_links":{"self":[{"href":"https:\/\/stampcurio.com\/hu\/wp-json\/wp\/v2\/product\/3177","targetHints":{"allow":["GET"]}}],"collection":[{"href":"https:\/\/stampcurio.com\/hu\/wp-json\/wp\/v2\/product"}],"about":[{"href":"https:\/\/stampcurio.com\/hu\/wp-json\/wp\/v2\/types\/product"}],"wp:featuredmedia":[{"embeddable":true,"href":"https:\/\/stampcurio.com\/hu\/wp-json\/wp\/v2\/media\/3001"}],"wp:attachment":[{"href":"https:\/\/stampcurio.com\/hu\/wp-json\/wp\/v2\/media?parent=3177"}],"wp:term":[{"taxonomy":"product_brand","embeddable":true,"href":"https:\/\/stampcurio.com\/hu\/wp-json\/wp\/v2\/product_brand?post=3177"},{"taxonomy":"product_cat","embeddable":true,"href":"https:\/\/stampcurio.com\/hu\/wp-json\/wp\/v2\/product_cat?post=3177"},{"taxonomy":"product_tag","embeddable":true,"href":"https:\/\/stampcurio.com\/hu\/wp-json\/wp\/v2\/product_tag?post=3177"}],"curies":[{"name":"wp","href":"https:\/\/api.w.org\/{rel}","templated":true}]}}