{"id":3175,"date":"2023-11-17T10:05:17","date_gmt":"2023-11-17T09:05:17","guid":{"rendered":"http:\/\/stampcurio.com\/?post_type=product&#038;p=3175"},"modified":"2025-12-05T04:13:01","modified_gmt":"2025-12-05T03:13:01","slug":"1943-muraszombaton-feladott-csomag-dijhianyjelentese-24f-utolagos-dijbeszedessel","status":"publish","type":"product","link":"https:\/\/stampcurio.com\/hu\/termek\/1943-muraszombaton-feladott-csomag-dijhianyjelentese-24f-utolagos-dijbeszedessel\/","title":{"rendered":"1943 Muraszombaton feladott csomag d\u00edjhi\u00e1nyjelent\u00e9se 24f ut\u00f3lagos d\u00edjbeszed\u00e9ssel"},"content":{"rendered":"","protected":false},"excerpt":{"rendered":"","protected":false},"featured_media":11245,"template":"","meta":[],"product_brand":[],"product_cat":[73,402],"product_tag":[1044,108,89,157],"class_list":{"0":"post-3175","1":"product","2":"type-product","3":"status-publish","4":"has-post-thumbnail","6":"product_cat-magyarorszag-1st","7":"product_cat-szlovenia-1st","8":"product_tag-1st-auction-hu","9":"product_tag-porto","10":"product_tag-postatortenet","11":"product_tag-szallitolevel","12":"pa_catalog_id-401","14":"first","15":"outofstock","16":"sold-individually","17":"shipping-taxable","18":"product-type-simple"},"_links":{"self":[{"href":"https:\/\/stampcurio.com\/hu\/wp-json\/wp\/v2\/product\/3175","targetHints":{"allow":["GET"]}}],"collection":[{"href":"https:\/\/stampcurio.com\/hu\/wp-json\/wp\/v2\/product"}],"about":[{"href":"https:\/\/stampcurio.com\/hu\/wp-json\/wp\/v2\/types\/product"}],"wp:featuredmedia":[{"embeddable":true,"href":"https:\/\/stampcurio.com\/hu\/wp-json\/wp\/v2\/media\/11245"}],"wp:attachment":[{"href":"https:\/\/stampcurio.com\/hu\/wp-json\/wp\/v2\/media?parent=3175"}],"wp:term":[{"taxonomy":"product_brand","embeddable":true,"href":"https:\/\/stampcurio.com\/hu\/wp-json\/wp\/v2\/product_brand?post=3175"},{"taxonomy":"product_cat","embeddable":true,"href":"https:\/\/stampcurio.com\/hu\/wp-json\/wp\/v2\/product_cat?post=3175"},{"taxonomy":"product_tag","embeddable":true,"href":"https:\/\/stampcurio.com\/hu\/wp-json\/wp\/v2\/product_tag?post=3175"}],"curies":[{"name":"wp","href":"https:\/\/api.w.org\/{rel}","templated":true}]}}