{"id":3173,"date":"2023-11-16T23:41:27","date_gmt":"2023-11-16T22:41:27","guid":{"rendered":"http:\/\/stampcurio.com\/?post_type=product&#038;p=3173"},"modified":"2025-12-05T04:13:01","modified_gmt":"2025-12-05T03:13:01","slug":"1900-ausztralia-uj-del-wales-ajanlott-boritek-magyarorszagra-kuldve-nagyszebenbe-ritka-destinacio","status":"publish","type":"product","link":"https:\/\/stampcurio.com\/hu\/termek\/1900-ausztralia-uj-del-wales-ajanlott-boritek-magyarorszagra-kuldve-nagyszebenbe-ritka-destinacio\/","title":{"rendered":"1900 Ausztr\u00e1lia \/ \u00daj-D\u00e9l-Wales aj\u00e1nlott bor\u00edt\u00e9k Magyarorsz\u00e1gra k\u00fcldve Nagyszebenbe &#8211; ritka destin\u00e1ci\u00f3"},"content":{"rendered":"","protected":false},"excerpt":{"rendered":"","protected":false},"featured_media":11242,"template":"","meta":[],"product_brand":[],"product_cat":[162,73,105],"product_tag":[1044,116,89],"class_list":{"0":"post-3173","1":"product","2":"type-product","3":"status-publish","4":"has-post-thumbnail","6":"product_cat-ausztralia-1st","7":"product_cat-magyarorszag-1st","8":"product_cat-romania-1st","9":"product_tag-1st-auction-hu","10":"product_tag-belyeg","11":"product_tag-postatortenet","12":"pa_catalog_id-400","14":"first","15":"outofstock","16":"sold-individually","17":"shipping-taxable","18":"product-type-simple"},"_links":{"self":[{"href":"https:\/\/stampcurio.com\/hu\/wp-json\/wp\/v2\/product\/3173","targetHints":{"allow":["GET"]}}],"collection":[{"href":"https:\/\/stampcurio.com\/hu\/wp-json\/wp\/v2\/product"}],"about":[{"href":"https:\/\/stampcurio.com\/hu\/wp-json\/wp\/v2\/types\/product"}],"wp:featuredmedia":[{"embeddable":true,"href":"https:\/\/stampcurio.com\/hu\/wp-json\/wp\/v2\/media\/11242"}],"wp:attachment":[{"href":"https:\/\/stampcurio.com\/hu\/wp-json\/wp\/v2\/media?parent=3173"}],"wp:term":[{"taxonomy":"product_brand","embeddable":true,"href":"https:\/\/stampcurio.com\/hu\/wp-json\/wp\/v2\/product_brand?post=3173"},{"taxonomy":"product_cat","embeddable":true,"href":"https:\/\/stampcurio.com\/hu\/wp-json\/wp\/v2\/product_cat?post=3173"},{"taxonomy":"product_tag","embeddable":true,"href":"https:\/\/stampcurio.com\/hu\/wp-json\/wp\/v2\/product_tag?post=3173"}],"curies":[{"name":"wp","href":"https:\/\/api.w.org\/{rel}","templated":true}]}}