{"id":3162,"date":"2023-11-16T23:33:48","date_gmt":"2023-11-16T22:33:48","guid":{"rendered":"http:\/\/stampcurio.com\/?post_type=product&#038;p=3162"},"modified":"2025-12-05T04:13:02","modified_gmt":"2025-12-05T03:13:02","slug":"1920-danzig-1mk-belyegenek-feltehetoleg-belyegalbum-nyomasahoz-hasznalt-nyomoduca","status":"publish","type":"product","link":"https:\/\/stampcurio.com\/hu\/termek\/1920-danzig-1mk-belyegenek-feltehetoleg-belyegalbum-nyomasahoz-hasznalt-nyomoduca\/","title":{"rendered":"1920 Danzig 1Mk b\u00e9lyeg\u00e9nek feltehet\u0151leg b\u00e9lyegalbum nyom\u00e1s\u00e1hoz haszn\u00e1lt nyom\u00f3duca"},"content":{"rendered":"","protected":false},"excerpt":{"rendered":"","protected":false},"featured_media":2980,"template":"","meta":[],"product_brand":[],"product_cat":[96,113],"product_tag":[1044,116,288],"class_list":{"0":"post-3162","1":"product","2":"type-product","3":"status-publish","4":"has-post-thumbnail","6":"product_cat-lengyelorszag-1st","7":"product_cat-nemetorszag-1st","8":"product_tag-1st-auction-hu","9":"product_tag-belyeg","10":"product_tag-parafilatelia","11":"pa_catalog_id-399","13":"first","14":"outofstock","15":"sold-individually","16":"shipping-taxable","17":"product-type-simple"},"_links":{"self":[{"href":"https:\/\/stampcurio.com\/hu\/wp-json\/wp\/v2\/product\/3162","targetHints":{"allow":["GET"]}}],"collection":[{"href":"https:\/\/stampcurio.com\/hu\/wp-json\/wp\/v2\/product"}],"about":[{"href":"https:\/\/stampcurio.com\/hu\/wp-json\/wp\/v2\/types\/product"}],"wp:featuredmedia":[{"embeddable":true,"href":"https:\/\/stampcurio.com\/hu\/wp-json\/wp\/v2\/media\/2980"}],"wp:attachment":[{"href":"https:\/\/stampcurio.com\/hu\/wp-json\/wp\/v2\/media?parent=3162"}],"wp:term":[{"taxonomy":"product_brand","embeddable":true,"href":"https:\/\/stampcurio.com\/hu\/wp-json\/wp\/v2\/product_brand?post=3162"},{"taxonomy":"product_cat","embeddable":true,"href":"https:\/\/stampcurio.com\/hu\/wp-json\/wp\/v2\/product_cat?post=3162"},{"taxonomy":"product_tag","embeddable":true,"href":"https:\/\/stampcurio.com\/hu\/wp-json\/wp\/v2\/product_tag?post=3162"}],"curies":[{"name":"wp","href":"https:\/\/api.w.org\/{rel}","templated":true}]}}